{"id":3522,"date":"2021-12-09T06:26:49","date_gmt":"2021-12-09T03:26:49","guid":{"rendered":"https:\/\/medicate.peacefulqode.com\/?page_id=3522"},"modified":"2024-01-29T22:44:04","modified_gmt":"2024-01-29T19:44:04","slug":"safra-kesesi-hastaliklari","status":"publish","type":"page","link":"https:\/\/aydingenelcerrahi.com\/index.php\/safra-kesesi-hastaliklari\/","title":{"rendered":"SAFRA KESES\u0130 HASTALIKLARI"},"content":{"rendered":"\t\t<div data-elementor-type=\"wp-page\" data-elementor-id=\"3522\" class=\"elementor elementor-3522\">\n\t\t\t\t\t\t\t\t\t<div class=\"elementor-section elementor-top-section elementor-element elementor-element-0746f40 elementor-section-stretched elementor-section-boxed elementor-section-height-default elementor-section-height-default\" data-id=\"0746f40\" data-element_type=\"section\" data-settings=\"{&quot;stretch_section&quot;:&quot;section-stretched&quot;}\">\n\t\t\t\t\t\t<div class=\"elementor-container elementor-column-gap-default\">\n\t\t\t\t\t<div class=\"elementor-column elementor-col-33 elementor-top-column elementor-element elementor-element-eaf7895\" data-id=\"eaf7895\" data-element_type=\"column\">\n\t\t\t<div class=\"elementor-widget-wrap elementor-element-populated\">\n\t\t\t\t\t\t\t\t<div class=\"elementor-element elementor-element-c09c185 elementor-widget elementor-widget-sidebar\" data-id=\"c09c185\" data-element_type=\"widget\" data-widget_type=\"sidebar.default\">\n\t\t\t\t<div class=\"elementor-widget-container\">\n\t\t\t<div class=\"widget widget-port\"><div class=\"menu-service-menu-container\"><ul id=\"menu-service-menu\" class=\"menu\"><li id=\"menu-item-3759\" class=\"menu-item menu-item-type-post_type menu-item-object-page menu-item-3759\"><a href=\"https:\/\/aydingenelcerrahi.com\/index.php\/meme-hastaliklari\/\">MEME HASTALIKLARI<\/a><\/li>\n<li id=\"menu-item-3761\" class=\"menu-item menu-item-type-post_type menu-item-object-page menu-item-3761\"><a href=\"https:\/\/aydingenelcerrahi.com\/index.php\/proktolojik-hastaliklar\/\">PROKTOLOJ\u0130K HASTALIKLAR<\/a><\/li>\n<li id=\"menu-item-3762\" class=\"menu-item menu-item-type-post_type menu-item-object-page menu-item-3762\"><a href=\"https:\/\/aydingenelcerrahi.com\/index.php\/tiroid-cerrahisi\/\">T\u0130RO\u0130D CERRAH\u0130S\u0130<\/a><\/li>\n<li id=\"menu-item-3758\" class=\"menu-item menu-item-type-post_type menu-item-object-page menu-item-3758\"><a href=\"https:\/\/aydingenelcerrahi.com\/index.php\/safra-kesesi-hastaliklari\/\">SAFRA KESES\u0130 HASTALIKLARI<\/a><\/li>\n<li id=\"menu-item-3760\" class=\"menu-item menu-item-type-post_type menu-item-object-page menu-item-3760\"><a href=\"https:\/\/aydingenelcerrahi.com\/index.php\/kalin-bagirsak-hastaliklari\/\">KALIN BA\u011eIRSAK HASTALIKLARI<\/a><\/li>\n<li id=\"menu-item-3765\" class=\"menu-item menu-item-type-post_type menu-item-object-page menu-item-3765\"><a href=\"https:\/\/aydingenelcerrahi.com\/index.php\/mide-kanseri-cerrahisi\/\">M\u0130DE CERRAH\u0130S\u0130 HASTALIKLARI<\/a><\/li>\n<\/ul><\/div><\/div>\t\t<\/div>\n\t\t\t\t<\/div>\n\t\t\t\t\t<\/div>\n\t\t<\/div>\n\t\t\t\t<div class=\"elementor-column elementor-col-66 elementor-top-column elementor-element elementor-element-38c5402\" data-id=\"38c5402\" data-element_type=\"column\">\n\t\t\t<div class=\"elementor-widget-wrap elementor-element-populated\">\n\t\t\t\t\t\t\t\t<section class=\"elementor-section elementor-inner-section elementor-element elementor-element-6f4e334 elementor-section-boxed elementor-section-height-default elementor-section-height-default\" data-id=\"6f4e334\" data-element_type=\"section\">\n\t\t\t\t\t\t<div class=\"elementor-container elementor-column-gap-default\">\n\t\t\t\t\t<div class=\"elementor-column elementor-col-50 elementor-inner-column elementor-element elementor-element-e1da9d9\" data-id=\"e1da9d9\" data-element_type=\"column\">\n\t\t\t<div class=\"elementor-widget-wrap elementor-element-populated\">\n\t\t\t\t\t\t\t\t<div class=\"elementor-element elementor-element-9fa259b elementor-widget elementor-widget-image\" data-id=\"9fa259b\" data-element_type=\"widget\" data-widget_type=\"image.default\">\n\t\t\t\t<div class=\"elementor-widget-container\">\n\t\t\t<style>\/*! elementor - v3.12.1 - 02-04-2023 *\/\n.elementor-widget-image{text-align:center}.elementor-widget-image a{display:inline-block}.elementor-widget-image a img[src$=\".svg\"]{width:48px}.elementor-widget-image img{vertical-align:middle;display:inline-block}<\/style>\t\t\t\t\t\t\t\t\t\t\t\t<img loading=\"lazy\" decoding=\"async\" width=\"480\" height=\"360\" src=\"https:\/\/aydingenelcerrahi.com\/wp-content\/uploads\/2023\/04\/hqdefault-1.jpg\" class=\"attachment-large size-large wp-image-17349\" alt=\"\" srcset=\"https:\/\/aydingenelcerrahi.com\/wp-content\/uploads\/2023\/04\/hqdefault-1.jpg 480w, https:\/\/aydingenelcerrahi.com\/wp-content\/uploads\/2023\/04\/hqdefault-1-300x225.jpg 300w\" sizes=\"auto, (max-width: 480px) 100vw, 480px\" \/>\t\t\t\t\t\t\t\t\t\t\t\t\t\t\t<\/div>\n\t\t\t\t<\/div>\n\t\t\t\t\t<\/div>\n\t\t<\/div>\n\t\t\t\t<div class=\"elementor-column elementor-col-50 elementor-inner-column elementor-element elementor-element-2b076ae\" data-id=\"2b076ae\" data-element_type=\"column\">\n\t\t\t<div class=\"elementor-widget-wrap elementor-element-populated\">\n\t\t\t\t\t\t\t\t<div class=\"elementor-element elementor-element-a7f9ca5 elementor-widget elementor-widget-image\" data-id=\"a7f9ca5\" data-element_type=\"widget\" data-widget_type=\"image.default\">\n\t\t\t\t<div class=\"elementor-widget-container\">\n\t\t\t\t\t\t\t\t\t\t\t\t\t\t\t<img loading=\"lazy\" decoding=\"async\" width=\"480\" height=\"360\" src=\"https:\/\/aydingenelcerrahi.com\/wp-content\/uploads\/2023\/04\/b4acd3b563775cc593f5d37f455896a1.jpg\" class=\"attachment-large size-large wp-image-17350\" alt=\"\" srcset=\"https:\/\/aydingenelcerrahi.com\/wp-content\/uploads\/2023\/04\/b4acd3b563775cc593f5d37f455896a1.jpg 480w, https:\/\/aydingenelcerrahi.com\/wp-content\/uploads\/2023\/04\/b4acd3b563775cc593f5d37f455896a1-300x225.jpg 300w\" sizes=\"auto, (max-width: 480px) 100vw, 480px\" \/>\t\t\t\t\t\t\t\t\t\t\t\t\t\t\t<\/div>\n\t\t\t\t<\/div>\n\t\t\t\t\t<\/div>\n\t\t<\/div>\n\t\t\t\t\t\t\t<\/div>\n\t\t<\/section>\n\t\t\t\t<div class=\"elementor-element elementor-element-a2b7c23 elementor-widget elementor-widget-heading\" data-id=\"a2b7c23\" data-element_type=\"widget\" data-widget_type=\"heading.default\">\n\t\t\t\t<div class=\"elementor-widget-container\">\n\t\t\t<style>\/*! elementor - v3.12.1 - 02-04-2023 *\/\n.elementor-heading-title{padding:0;margin:0;line-height:1}.elementor-widget-heading .elementor-heading-title[class*=elementor-size-]>a{color:inherit;font-size:inherit;line-height:inherit}.elementor-widget-heading .elementor-heading-title.elementor-size-small{font-size:15px}.elementor-widget-heading .elementor-heading-title.elementor-size-medium{font-size:19px}.elementor-widget-heading .elementor-heading-title.elementor-size-large{font-size:29px}.elementor-widget-heading .elementor-heading-title.elementor-size-xl{font-size:39px}.elementor-widget-heading .elementor-heading-title.elementor-size-xxl{font-size:59px}<\/style><h4 class=\"elementor-heading-title elementor-size-default\">SAFRA KESES\u0130 HASTALIKLARI<\/h4>\t\t<\/div>\n\t\t\t\t<\/div>\n\t\t\t\t<div class=\"elementor-element elementor-element-27a8da0 elementor-widget elementor-widget-text-editor\" data-id=\"27a8da0\" data-element_type=\"widget\" data-widget_type=\"text-editor.default\">\n\t\t\t\t<div class=\"elementor-widget-container\">\n\t\t\t<style>\/*! elementor - v3.12.1 - 02-04-2023 *\/\n.elementor-widget-text-editor.elementor-drop-cap-view-stacked .elementor-drop-cap{background-color:#69727d;color:#fff}.elementor-widget-text-editor.elementor-drop-cap-view-framed .elementor-drop-cap{color:#69727d;border:3px solid;background-color:transparent}.elementor-widget-text-editor:not(.elementor-drop-cap-view-default) .elementor-drop-cap{margin-top:8px}.elementor-widget-text-editor:not(.elementor-drop-cap-view-default) .elementor-drop-cap-letter{width:1em;height:1em}.elementor-widget-text-editor .elementor-drop-cap{float:left;text-align:center;line-height:1;font-size:50px}.elementor-widget-text-editor .elementor-drop-cap-letter{display:inline-block}<\/style>\t\t\t\t<p>Laparoskopik Kolesistektomi (Kapal\u0131 Safra Kesesi Ameliyat\u0131) kar\u0131na \u00fc\u00e7 veya d\u00f6rt delikten girilerek safra kesesinin \u00e7\u0131kar\u0131lmas\u0131n\u0131 i\u00e7erir. Erken iyile\u015fme, daha az a\u011fr\u0131, k\u00fc\u00e7\u00fck kesiden yap\u0131ld\u0131\u011f\u0131ndan kesi f\u0131t\u0131\u011f\u0131 riski azl\u0131\u011f\u0131 ve erken i\u015fe d\u00f6n\u00fc\u015f ba\u015fl\u0131ca avantajlar\u0131d\u0131r. Laparoskopik (kapal\u0131) y\u00f6ntemle (appendektomi) apendiksin al\u0131nmas\u0131, kas\u0131k f\u0131t\u0131\u011f\u0131, kar\u0131n i\u00e7i organlar\u0131n incelenmesi (exploratif laparoskopi), mide ve kal\u0131n ba\u011f\u0131rsak ameliyatlar\u0131 da yap\u0131lmaktad\u0131r.<\/p>\t\t\t\t\t\t<\/div>\n\t\t\t\t<\/div>\n\t\t\t\t\t<\/div>\n\t\t<\/div>\n\t\t\t\t\t\t\t<\/div>\n\t\t<\/div>\n\t\t\t\t\t\t\t<\/div>\n\t\t","protected":false},"excerpt":{"rendered":"<p>SAFRA KESES\u0130 HASTALIKLARI Laparoskopik Kolesistektomi (Kapal\u0131 Safra Kesesi Ameliyat\u0131) kar\u0131na \u00fc\u00e7 veya d\u00f6rt delikten girilerek safra kesesinin \u00e7\u0131kar\u0131lmas\u0131n\u0131 i\u00e7erir. Erken iyile\u015fme, daha az a\u011fr\u0131, k\u00fc\u00e7\u00fck kesiden yap\u0131ld\u0131\u011f\u0131ndan kesi f\u0131t\u0131\u011f\u0131 riski azl\u0131\u011f\u0131 ve erken i\u015fe d\u00f6n\u00fc\u015f ba\u015fl\u0131ca avantajlar\u0131d\u0131r. Laparoskopik (kapal\u0131) y\u00f6ntemle (appendektomi) apendiksin al\u0131nmas\u0131, kas\u0131k f\u0131t\u0131\u011f\u0131, kar\u0131n i\u00e7i organlar\u0131n incelenmesi (exploratif laparoskopi), mide ve kal\u0131n ba\u011f\u0131rsak [&hellip;]<\/p>\n","protected":false},"author":1,"featured_media":0,"parent":0,"menu_order":0,"comment_status":"closed","ping_status":"closed","template":"","meta":{"om_disable_all_campaigns":false,"_mi_skip_tracking":false,"footnotes":""},"class_list":["post-3522","page","type-page","status-publish","hentry"],"acf":[],"aioseo_notices":[],"_links":{"self":[{"href":"https:\/\/aydingenelcerrahi.com\/index.php\/wp-json\/wp\/v2\/pages\/3522","targetHints":{"allow":["GET"]}}],"collection":[{"href":"https:\/\/aydingenelcerrahi.com\/index.php\/wp-json\/wp\/v2\/pages"}],"about":[{"href":"https:\/\/aydingenelcerrahi.com\/index.php\/wp-json\/wp\/v2\/types\/page"}],"author":[{"embeddable":true,"href":"https:\/\/aydingenelcerrahi.com\/index.php\/wp-json\/wp\/v2\/users\/1"}],"replies":[{"embeddable":true,"href":"https:\/\/aydingenelcerrahi.com\/index.php\/wp-json\/wp\/v2\/comments?post=3522"}],"version-history":[{"count":8,"href":"https:\/\/aydingenelcerrahi.com\/index.php\/wp-json\/wp\/v2\/pages\/3522\/revisions"}],"predecessor-version":[{"id":17594,"href":"https:\/\/aydingenelcerrahi.com\/index.php\/wp-json\/wp\/v2\/pages\/3522\/revisions\/17594"}],"wp:attachment":[{"href":"https:\/\/aydingenelcerrahi.com\/index.php\/wp-json\/wp\/v2\/media?parent=3522"}],"curies":[{"name":"wp","href":"https:\/\/api.w.org\/{rel}","templated":true}]}}