{"id":3518,"date":"2021-12-09T06:26:26","date_gmt":"2021-12-09T03:26:26","guid":{"rendered":"https:\/\/medicate.peacefulqode.com\/?page_id=3518"},"modified":"2024-01-28T22:11:24","modified_gmt":"2024-01-28T19:11:24","slug":"meme-hastaliklari","status":"publish","type":"page","link":"https:\/\/aydingenelcerrahi.com\/index.php\/meme-hastaliklari\/","title":{"rendered":"MEME HASTALIKLARI"},"content":{"rendered":"\t\t<div data-elementor-type=\"wp-page\" data-elementor-id=\"3518\" class=\"elementor elementor-3518\">\n\t\t\t\t\t\t\t\t\t<div class=\"elementor-section elementor-top-section elementor-element elementor-element-57afc3e elementor-section-stretched elementor-section-boxed elementor-section-height-default elementor-section-height-default\" data-id=\"57afc3e\" data-element_type=\"section\" data-settings=\"{&quot;stretch_section&quot;:&quot;section-stretched&quot;}\">\n\t\t\t\t\t\t<div class=\"elementor-container elementor-column-gap-default\">\n\t\t\t\t\t<div class=\"elementor-column elementor-col-33 elementor-top-column elementor-element elementor-element-8e07a6b\" data-id=\"8e07a6b\" data-element_type=\"column\">\n\t\t\t<div class=\"elementor-widget-wrap elementor-element-populated\">\n\t\t\t\t\t\t\t\t<div class=\"elementor-element elementor-element-0c33b5a elementor-widget elementor-widget-sidebar\" data-id=\"0c33b5a\" data-element_type=\"widget\" data-widget_type=\"sidebar.default\">\n\t\t\t\t<div class=\"elementor-widget-container\">\n\t\t\t<div class=\"widget widget-port\"><div class=\"menu-service-menu-container\"><ul id=\"menu-service-menu\" class=\"menu\"><li id=\"menu-item-3759\" class=\"menu-item menu-item-type-post_type menu-item-object-page menu-item-3759\"><a href=\"https:\/\/aydingenelcerrahi.com\/index.php\/meme-hastaliklari\/\">MEME HASTALIKLARI<\/a><\/li>\n<li id=\"menu-item-3761\" class=\"menu-item menu-item-type-post_type menu-item-object-page menu-item-3761\"><a href=\"https:\/\/aydingenelcerrahi.com\/index.php\/proktolojik-hastaliklar\/\">PROKTOLOJ\u0130K HASTALIKLAR<\/a><\/li>\n<li id=\"menu-item-3762\" class=\"menu-item menu-item-type-post_type menu-item-object-page menu-item-3762\"><a href=\"https:\/\/aydingenelcerrahi.com\/index.php\/tiroid-cerrahisi\/\">T\u0130RO\u0130D CERRAH\u0130S\u0130<\/a><\/li>\n<li id=\"menu-item-3758\" class=\"menu-item menu-item-type-post_type menu-item-object-page menu-item-3758\"><a href=\"https:\/\/aydingenelcerrahi.com\/index.php\/safra-kesesi-hastaliklari\/\">SAFRA KESES\u0130 HASTALIKLARI<\/a><\/li>\n<li id=\"menu-item-3760\" class=\"menu-item menu-item-type-post_type menu-item-object-page menu-item-3760\"><a href=\"https:\/\/aydingenelcerrahi.com\/index.php\/kalin-bagirsak-hastaliklari\/\">KALIN BA\u011eIRSAK HASTALIKLARI<\/a><\/li>\n<li id=\"menu-item-3765\" class=\"menu-item menu-item-type-post_type menu-item-object-page menu-item-3765\"><a href=\"https:\/\/aydingenelcerrahi.com\/index.php\/mide-kanseri-cerrahisi\/\">M\u0130DE CERRAH\u0130S\u0130 HASTALIKLARI<\/a><\/li>\n<\/ul><\/div><\/div>\t\t<\/div>\n\t\t\t\t<\/div>\n\t\t\t\t\t<\/div>\n\t\t<\/div>\n\t\t\t\t<div class=\"elementor-column elementor-col-66 elementor-top-column elementor-element elementor-element-dd25c4b\" data-id=\"dd25c4b\" data-element_type=\"column\">\n\t\t\t<div class=\"elementor-widget-wrap elementor-element-populated\">\n\t\t\t\t\t\t\t\t<div class=\"elementor-element elementor-element-6869ad1 elementor-widget elementor-widget-heading\" data-id=\"6869ad1\" data-element_type=\"widget\" data-widget_type=\"heading.default\">\n\t\t\t\t<div class=\"elementor-widget-container\">\n\t\t\t<style>\/*! elementor - v3.12.1 - 02-04-2023 *\/\n.elementor-heading-title{padding:0;margin:0;line-height:1}.elementor-widget-heading .elementor-heading-title[class*=elementor-size-]>a{color:inherit;font-size:inherit;line-height:inherit}.elementor-widget-heading .elementor-heading-title.elementor-size-small{font-size:15px}.elementor-widget-heading .elementor-heading-title.elementor-size-medium{font-size:19px}.elementor-widget-heading .elementor-heading-title.elementor-size-large{font-size:29px}.elementor-widget-heading .elementor-heading-title.elementor-size-xl{font-size:39px}.elementor-widget-heading .elementor-heading-title.elementor-size-xxl{font-size:59px}<\/style><h4 class=\"elementor-heading-title elementor-size-default\">MEME HASTALIKLARI<\/h4>\t\t<\/div>\n\t\t\t\t<\/div>\n\t\t\t\t<div class=\"elementor-section elementor-inner-section elementor-element elementor-element-e8111bc elementor-section-boxed elementor-section-height-default elementor-section-height-default\" data-id=\"e8111bc\" data-element_type=\"section\">\n\t\t\t\t\t\t<div class=\"elementor-container elementor-column-gap-default\">\n\t\t\t\t\t<div class=\"elementor-column elementor-col-50 elementor-inner-column elementor-element elementor-element-4641d59\" data-id=\"4641d59\" data-element_type=\"column\">\n\t\t\t<div class=\"elementor-widget-wrap elementor-element-populated\">\n\t\t\t\t\t\t\t\t<div class=\"elementor-element elementor-element-bd66022 elementor-icon-list--layout-traditional elementor-list-item-link-full_width elementor-widget elementor-widget-icon-list\" data-id=\"bd66022\" data-element_type=\"widget\" data-widget_type=\"icon-list.default\">\n\t\t\t\t<div class=\"elementor-widget-container\">\n\t\t\t<link rel=\"stylesheet\" href=\"https:\/\/aydingenelcerrahi.com\/wp-content\/plugins\/elementor\/assets\/css\/widget-icon-list.min.css\">\t\t<ul class=\"elementor-icon-list-items\">\n\t\t\t\t\t\t\t<li class=\"elementor-icon-list-item\">\n\t\t\t\t\t\t\t\t\t\t\t<span class=\"elementor-icon-list-icon\">\n\t\t\t\t\t\t\t<i aria-hidden=\"true\" class=\"fas fa-check\"><\/i>\t\t\t\t\t\t<\/span>\n\t\t\t\t\t\t\t\t\t\t<span class=\"elementor-icon-list-text\">Meme kitlelerinin tan\u0131s\u0131 ve tedavisi<\/span>\n\t\t\t\t\t\t\t\t\t<\/li>\n\t\t\t\t\t\t\t\t<li class=\"elementor-icon-list-item\">\n\t\t\t\t\t\t\t\t\t\t\t<span class=\"elementor-icon-list-icon\">\n\t\t\t\t\t\t\t<i aria-hidden=\"true\" class=\"fas fa-check\"><\/i>\t\t\t\t\t\t<\/span>\n\t\t\t\t\t\t\t\t\t\t<span class=\"elementor-icon-list-text\">Meme koruyucu cerrahi<\/span>\n\t\t\t\t\t\t\t\t\t<\/li>\n\t\t\t\t\t\t\t\t<li class=\"elementor-icon-list-item\">\n\t\t\t\t\t\t\t\t\t\t\t<span class=\"elementor-icon-list-icon\">\n\t\t\t\t\t\t\t<i aria-hidden=\"true\" class=\"fas fa-check\"><\/i>\t\t\t\t\t\t<\/span>\n\t\t\t\t\t\t\t\t\t\t<span class=\"elementor-icon-list-text\">Onkoplastik meme cerrahisi (Meme k\u00fc\u00e7\u00fcltme ve meme protezi)<\/span>\n\t\t\t\t\t\t\t\t\t<\/li>\n\t\t\t\t\t\t\t\t<li class=\"elementor-icon-list-item\">\n\t\t\t\t\t\t\t\t\t\t\t<span class=\"elementor-icon-list-icon\">\n\t\t\t\t\t\t\t<i aria-hidden=\"true\" class=\"fas fa-check\"><\/i>\t\t\t\t\t\t<\/span>\n\t\t\t\t\t\t\t\t\t\t<span class=\"elementor-icon-list-text\">Subkutan mastektomi<\/span>\n\t\t\t\t\t\t\t\t\t<\/li>\n\t\t\t\t\t\t\t\t<li class=\"elementor-icon-list-item\">\n\t\t\t\t\t\t\t\t\t\t\t<span class=\"elementor-icon-list-icon\">\n\t\t\t\t\t\t\t<i aria-hidden=\"true\" class=\"fas fa-check\"><\/i>\t\t\t\t\t\t<\/span>\n\t\t\t\t\t\t\t\t\t\t<span class=\"elementor-icon-list-text\">Deri koruyucu mastektomi<\/span>\n\t\t\t\t\t\t\t\t\t<\/li>\n\t\t\t\t\t\t<\/ul>\n\t\t\t\t<\/div>\n\t\t\t\t<\/div>\n\t\t\t\t\t<\/div>\n\t\t<\/div>\n\t\t\t\t<div class=\"elementor-column elementor-col-50 elementor-inner-column elementor-element elementor-element-b4f01c9\" data-id=\"b4f01c9\" data-element_type=\"column\">\n\t\t\t<div class=\"elementor-widget-wrap elementor-element-populated\">\n\t\t\t\t\t\t\t\t<div class=\"elementor-element elementor-element-f91223e elementor-icon-list--layout-traditional elementor-list-item-link-full_width elementor-widget elementor-widget-icon-list\" data-id=\"f91223e\" data-element_type=\"widget\" data-widget_type=\"icon-list.default\">\n\t\t\t\t<div class=\"elementor-widget-container\">\n\t\t\t\t\t<ul class=\"elementor-icon-list-items\">\n\t\t\t\t\t\t\t<li class=\"elementor-icon-list-item\">\n\t\t\t\t\t\t\t\t\t\t\t<span class=\"elementor-icon-list-icon\">\n\t\t\t\t\t\t\t<i aria-hidden=\"true\" class=\"fas fa-check\"><\/i>\t\t\t\t\t\t<\/span>\n\t\t\t\t\t\t\t\t\t\t<span class=\"elementor-icon-list-text\">Kol koruyucu cerrahi ve N\u00f6bet\u00e7i lenf bezi \u00f6rneklemesi<\/span>\n\t\t\t\t\t\t\t\t\t<\/li>\n\t\t\t\t\t\t\t\t<li class=\"elementor-icon-list-item\">\n\t\t\t\t\t\t\t\t\t\t\t<span class=\"elementor-icon-list-icon\">\n\t\t\t\t\t\t\t<i aria-hidden=\"true\" class=\"fas fa-check\"><\/i>\t\t\t\t\t\t<\/span>\n\t\t\t\t\t\t\t\t\t\t<span class=\"elementor-icon-list-text\">Ultrason k\u0131lavuzlu\u011funda kal\u0131n i\u011fne biyopsisi<\/span>\n\t\t\t\t\t\t\t\t\t<\/li>\n\t\t\t\t\t\t\t\t<li class=\"elementor-icon-list-item\">\n\t\t\t\t\t\t\t\t\t\t\t<span class=\"elementor-icon-list-icon\">\n\t\t\t\t\t\t\t<i aria-hidden=\"true\" class=\"fas fa-check\"><\/i>\t\t\t\t\t\t<\/span>\n\t\t\t\t\t\t\t\t\t\t<span class=\"elementor-icon-list-text\">Meme ultrasonu<\/span>\n\t\t\t\t\t\t\t\t\t<\/li>\n\t\t\t\t\t\t\t\t<li class=\"elementor-icon-list-item\">\n\t\t\t\t\t\t\t\t\t\t\t<span class=\"elementor-icon-list-icon\">\n\t\t\t\t\t\t\t<i aria-hidden=\"true\" class=\"fas fa-check\"><\/i>\t\t\t\t\t\t<\/span>\n\t\t\t\t\t\t\t\t\t\t<span class=\"elementor-icon-list-text\">Meme lezyonlar\u0131n\u0131n takip ve kontrol\u00fc<\/span>\n\t\t\t\t\t\t\t\t\t<\/li>\n\t\t\t\t\t\t\t\t<li class=\"elementor-icon-list-item\">\n\t\t\t\t\t\t\t\t\t\t\t<span class=\"elementor-icon-list-icon\">\n\t\t\t\t\t\t\t<i aria-hidden=\"true\" class=\"fas fa-check\"><\/i>\t\t\t\t\t\t<\/span>\n\t\t\t\t\t\t\t\t\t\t<span class=\"elementor-icon-list-text\">Risk belirleme ve dan\u0131\u015fmanl\u0131k<\/span>\n\t\t\t\t\t\t\t\t\t<\/li>\n\t\t\t\t\t\t<\/ul>\n\t\t\t\t<\/div>\n\t\t\t\t<\/div>\n\t\t\t\t\t<\/div>\n\t\t<\/div>\n\t\t\t\t\t\t\t<\/div>\n\t\t<\/div>\n\t\t\t\t<div class=\"elementor-element elementor-element-65ee266 elementor-widget elementor-widget-text-editor\" data-id=\"65ee266\" data-element_type=\"widget\" data-widget_type=\"text-editor.default\">\n\t\t\t\t<div class=\"elementor-widget-container\">\n\t\t\t<style>\/*! elementor - v3.12.1 - 02-04-2023 *\/\n.elementor-widget-text-editor.elementor-drop-cap-view-stacked .elementor-drop-cap{background-color:#69727d;color:#fff}.elementor-widget-text-editor.elementor-drop-cap-view-framed .elementor-drop-cap{color:#69727d;border:3px solid;background-color:transparent}.elementor-widget-text-editor:not(.elementor-drop-cap-view-default) .elementor-drop-cap{margin-top:8px}.elementor-widget-text-editor:not(.elementor-drop-cap-view-default) .elementor-drop-cap-letter{width:1em;height:1em}.elementor-widget-text-editor .elementor-drop-cap{float:left;text-align:center;line-height:1;font-size:50px}.elementor-widget-text-editor .elementor-drop-cap-letter{display:inline-block}<\/style>\t\t\t\t<p><span style=\"font-size: 1rem;\">Meme kitlelerinin tan\u0131s\u0131nda meme cerrah\u0131 muayenesi, radyolojik tetkikler (ultrason, mamografi ve bazen MR), meme biyopsisi gereklidir. Bu \u00fc\u00e7l\u00fc de\u011ferlendirmede deneyimli hekimler ile i\u015fbirli\u011fi i\u00e7inde tan\u0131 ve tedavinizi ger\u00e7ekle\u015ftiriyoruz. Tedavi se\u00e7eneklerinizi sizlerle payla\u015f\u0131yor ve memenizi kaybetmemeniz i\u00e7in uygun tedavilere y\u00f6nlendiriyoruz.&nbsp; Gran\u00fclomat\u00f6z mastit gibi iyi huylu ancak tedavisi zor hastal\u0131klar\u0131n \u00e7\u00f6z\u00fcm\u00fcnde yan\u0131n\u0131zday\u0131z. Kitlelerin tan\u0131s\u0131nda ultrason k\u0131lavuzlu\u011funda kal\u0131n i\u011fne biyopsisi yap\u0131yoruz. Meme koruyucu cerrahi, n\u00f6bet\u00e7i lenf bezi \u00f6rneklemesi ile kol koruyucu cerrahi, onkoplastik cerrahi y\u00f6ntemlerini uyguluyoruz. Kitle al\u0131n\u0131rken memedeki estetik g\u00f6r\u00fcn\u00fcm\u00fcn korunmas\u0131 veya \u00f6nceden var olan sorunlar\u0131n d\u00fczeltilmesini sa\u011fl\u0131yoruz. Meme k\u00fc\u00e7\u00fcltme ve implant (silikon protez) konulmas\u0131 i\u015flemlerini uyguluyoruz. Ayr\u0131ca meme kanseri riskinin belirlenmesi ve genetik dan\u0131\u015fmanl\u0131k almas\u0131 gereken hastalar\u0131m\u0131z\u0131 da bilgilendiriyoruz. Y\u0131ll\u0131k takiplerinizi yap\u0131yoruz.<\/span><br><\/p>\t\t\t\t\t\t<\/div>\n\t\t\t\t<\/div>\n\t\t\t\t<div class=\"elementor-element elementor-element-0088be9 elementor-widget elementor-widget-heading\" data-id=\"0088be9\" data-element_type=\"widget\" data-widget_type=\"heading.default\">\n\t\t\t\t<div class=\"elementor-widget-container\">\n\t\t\t<h4 class=\"elementor-heading-title elementor-size-default\">MEME KORUYUCU CERRAH\u0130<\/h4>\t\t<\/div>\n\t\t\t\t<\/div>\n\t\t\t\t<div class=\"elementor-element elementor-element-5069c55 elementor-widget elementor-widget-text-editor\" data-id=\"5069c55\" data-element_type=\"widget\" data-widget_type=\"text-editor.default\">\n\t\t\t\t<div class=\"elementor-widget-container\">\n\t\t\t\t\t\t\t<p>Meme Koruyucu Cerrahi makroskopik ve mikroskopik negatif cerrahi s\u0131n\u0131rlarla meme kanserinin \u00e7\u0131kar\u0131lmas\u0131d\u0131r ve \u201clumpektomi,\u201d \u201cgeni\u015f lokal eksizyon,\u201d \u201cparsiyel mastektomi,\u201d \u201csegmental rezeksiyon,\u201d veya \u201ckadranektomi\u201d denilmektedir.<\/p><p>Meme koruyucu tedavi (MKT), meme koruyucu cerrahiyi mikroskobik rezid\u00fcel hastal\u0131\u011f\u0131 ortadan kald\u0131rmak i\u00e7in orta dozda radyoterapi izler. Erken evre meme kanseri hastalar\u0131nda mastektomiye bir alternatiftir. MKT \u00f6ncesinde, t\u00fcm meme kanserleri mastektomi ile tedavi edilirdi. \u00c7a\u011fda\u015f cerrahi teknikler radikal mastektomiden daha az morbiditeye neden olmas\u0131na ra\u011fmen, mastektomi meme kayb\u0131na neden olur. MKT\u2019nin ama\u00e7lar\u0131 mastektomiye e\u015fde\u011fer ya\u015fam s\u00fcresi, g\u00fczel g\u00f6r\u00fcnen bir meme ve tedavi edilen memede d\u00fc\u015f\u00fck yineleme oran\u0131 sa\u011flamakt\u0131r.<\/p><p>Meme koruyucu tedavi ile memenin t\u00fcm\u00fcyle al\u0131nmas\u0131 aras\u0131nda hastan\u0131n ya\u015fam s\u00fcresi bak\u0131m\u0131ndan hi\u00e7bir fark yoktur. Meme koruyucu tedavinin mastektomiye olan \u00fcst\u00fcnl\u00fc\u011f\u00fc sa\u011flad\u0131\u011f\u0131 daha iyi kozmetik ve psikolojik sonu\u00e7tur.<\/p><p>Dezavantaj\u0131 ise geriye kalan meme dokusunda t\u00fcm\u00f6r\u00fcn tekrar etme riskinin memenin t\u00fcm\u00fcn\u00fcn al\u0131nmas\u0131na oranla biraz daha fazla olmas\u0131d\u0131r. Koruyucu tedavi uygulanan memede t\u00fcm\u00f6r tekrarlarsa \u00f6nerilen tedavi \u015fekli memenin hepsinin al\u0131nmas\u0131 yani mastektomidir. T\u00fcm\u00f6r\u00fcn lokal olarak tekrar etmesi sa\u011f kal\u0131m s\u00fcresi \u00fczerine olumsuz bir etki yapmaz.<\/p><p>LUMPEKTOM\u0130: Lezyon \u00fczeri meme cildinin al\u0131n\u0131p geni\u015f s\u0131n\u0131rlara (&gt;=1 cm) alttaki fasyal tabakaya dek lezyonun \u00e7\u0131kar\u0131lmas\u0131d\u0131r.<\/p><p>T\u00dcM\u00d6REKTOM\u0130\/ GEN\u0130\u015e LOKAL EKS\u0130ZYON: Sadece lezyonun tamam\u0131n\u0131n \u00e7\u0131kar\u0131lmas\u0131d\u0131r. Cildin \u00e7\u0131kar\u0131lmas\u0131 veya fasyaya inilmesi gerekmez.<\/p><p>KADRANEKTOM\u0130: T\u00fcm\u00f6r\u00fcn bulundu\u011fu kadran 2-3 cm lik cerrahi s\u0131n\u0131r ile cilt ve alttaki fasya ile birlikte \u00e7\u0131kar\u0131l\u0131r. Cerrahi s\u0131n\u0131r pozitifli\u011fi riski d\u00fc\u015f\u00fckt\u00fcr, ancak kozmetik sonu\u00e7lar\u0131 k\u00f6t\u00fcd\u00fcr.<\/p><p><strong>HASTA SE\u00c7\u0130M\u0130\u00a0\u2014<\/strong>\u00a0MKC mastektomiye iyi bir alternatif olmas\u0131na ra\u011fmen, t\u00fcm hastalarda uygulanamaz. Uygun hastalar\u0131n se\u00e7imi MKC\u2019nin ba\u015far\u0131s\u0131nda \u00f6nemlidir. \u00c7o\u011fu kontrendikasyonu MKC ile s\u0131n\u0131r kontrol\u00fcn\u00fcn sa\u011flanmas\u0131ndaki yetersizlik veya adjuvant radyoterapiyi tolere edememeye ba\u011fl\u0131d\u0131r.<\/p>\t\t\t\t\t\t<\/div>\n\t\t\t\t<\/div>\n\t\t\t\t<div class=\"elementor-element elementor-element-ed19f42 elementor-widget elementor-widget-image\" data-id=\"ed19f42\" data-element_type=\"widget\" data-widget_type=\"image.default\">\n\t\t\t\t<div class=\"elementor-widget-container\">\n\t\t\t<style>\/*! elementor - v3.12.1 - 02-04-2023 *\/\n.elementor-widget-image{text-align:center}.elementor-widget-image a{display:inline-block}.elementor-widget-image a img[src$=\".svg\"]{width:48px}.elementor-widget-image img{vertical-align:middle;display:inline-block}<\/style>\t\t\t\t\t\t\t\t\t\t\t\t<img loading=\"lazy\" decoding=\"async\" width=\"525\" height=\"295\" src=\"https:\/\/aydingenelcerrahi.com\/wp-content\/uploads\/2023\/04\/meme1-1.png\" class=\"attachment-large size-large wp-image-17254\" alt=\"\" srcset=\"https:\/\/aydingenelcerrahi.com\/wp-content\/uploads\/2023\/04\/meme1-1.png 800w, https:\/\/aydingenelcerrahi.com\/wp-content\/uploads\/2023\/04\/meme1-1-300x169.png 300w, https:\/\/aydingenelcerrahi.com\/wp-content\/uploads\/2023\/04\/meme1-1-768x432.png 768w\" sizes=\"auto, (max-width: 525px) 100vw, 525px\" \/>\t\t\t\t\t\t\t\t\t\t\t\t\t\t\t<\/div>\n\t\t\t\t<\/div>\n\t\t\t\t\t<\/div>\n\t\t<\/div>\n\t\t\t\t\t\t\t<\/div>\n\t\t<\/div>\n\t\t\t\t\t\t\t<\/div>\n\t\t","protected":false},"excerpt":{"rendered":"<p>MEME HASTALIKLARI Meme kitlelerinin tan\u0131s\u0131 ve tedavisi Meme koruyucu cerrahi Onkoplastik meme cerrahisi (Meme k\u00fc\u00e7\u00fcltme ve meme protezi) Subkutan mastektomi Deri koruyucu mastektomi Kol koruyucu cerrahi ve N\u00f6bet\u00e7i lenf bezi \u00f6rneklemesi Ultrason k\u0131lavuzlu\u011funda kal\u0131n i\u011fne biyopsisi Meme ultrasonu Meme lezyonlar\u0131n\u0131n takip ve kontrol\u00fc Risk belirleme ve dan\u0131\u015fmanl\u0131k Meme kitlelerinin tan\u0131s\u0131nda meme cerrah\u0131 muayenesi, radyolojik tetkikler [&hellip;]<\/p>\n","protected":false},"author":1,"featured_media":0,"parent":0,"menu_order":0,"comment_status":"closed","ping_status":"closed","template":"","meta":{"om_disable_all_campaigns":false,"_mi_skip_tracking":false,"footnotes":""},"class_list":["post-3518","page","type-page","status-publish","hentry"],"acf":[],"aioseo_notices":[],"_links":{"self":[{"href":"https:\/\/aydingenelcerrahi.com\/index.php\/wp-json\/wp\/v2\/pages\/3518","targetHints":{"allow":["GET"]}}],"collection":[{"href":"https:\/\/aydingenelcerrahi.com\/index.php\/wp-json\/wp\/v2\/pages"}],"about":[{"href":"https:\/\/aydingenelcerrahi.com\/index.php\/wp-json\/wp\/v2\/types\/page"}],"author":[{"embeddable":true,"href":"https:\/\/aydingenelcerrahi.com\/index.php\/wp-json\/wp\/v2\/users\/1"}],"replies":[{"embeddable":true,"href":"https:\/\/aydingenelcerrahi.com\/index.php\/wp-json\/wp\/v2\/comments?post=3518"}],"version-history":[{"count":20,"href":"https:\/\/aydingenelcerrahi.com\/index.php\/wp-json\/wp\/v2\/pages\/3518\/revisions"}],"predecessor-version":[{"id":17415,"href":"https:\/\/aydingenelcerrahi.com\/index.php\/wp-json\/wp\/v2\/pages\/3518\/revisions\/17415"}],"wp:attachment":[{"href":"https:\/\/aydingenelcerrahi.com\/index.php\/wp-json\/wp\/v2\/media?parent=3518"}],"curies":[{"name":"wp","href":"https:\/\/api.w.org\/{rel}","templated":true}]}}