{"id":3498,"date":"2021-12-09T06:11:29","date_gmt":"2021-12-09T03:11:29","guid":{"rendered":"https:\/\/medicate.peacefulqode.com\/?page_id=3498"},"modified":"2023-04-15T17:44:15","modified_gmt":"2023-04-15T14:44:15","slug":"kalin-bagirsak-hastaliklari","status":"publish","type":"page","link":"https:\/\/aydingenelcerrahi.com\/index.php\/kalin-bagirsak-hastaliklari\/","title":{"rendered":"KALIN BA\u011eIRSAK HASTALIKLARI"},"content":{"rendered":"\t\t<div data-elementor-type=\"wp-page\" data-elementor-id=\"3498\" class=\"elementor elementor-3498\">\n\t\t\t\t\t\t\t\t\t<div class=\"elementor-section elementor-top-section elementor-element elementor-element-d2ef123 elementor-section-stretched elementor-section-boxed elementor-section-height-default elementor-section-height-default\" data-id=\"d2ef123\" data-element_type=\"section\" data-settings=\"{&quot;stretch_section&quot;:&quot;section-stretched&quot;}\">\n\t\t\t\t\t\t<div class=\"elementor-container elementor-column-gap-default\">\n\t\t\t\t\t<div class=\"elementor-column elementor-col-33 elementor-top-column elementor-element elementor-element-b45d236\" data-id=\"b45d236\" data-element_type=\"column\">\n\t\t\t<div class=\"elementor-widget-wrap elementor-element-populated\">\n\t\t\t\t\t\t\t\t<div class=\"elementor-element elementor-element-b9b8c7b elementor-widget elementor-widget-sidebar\" data-id=\"b9b8c7b\" data-element_type=\"widget\" data-widget_type=\"sidebar.default\">\n\t\t\t\t<div class=\"elementor-widget-container\">\n\t\t\t<div class=\"widget widget-port\"><div class=\"menu-service-menu-container\"><ul id=\"menu-service-menu\" class=\"menu\"><li id=\"menu-item-3759\" class=\"menu-item menu-item-type-post_type menu-item-object-page menu-item-3759\"><a href=\"https:\/\/aydingenelcerrahi.com\/index.php\/meme-hastaliklari\/\">MEME HASTALIKLARI<\/a><\/li>\n<li id=\"menu-item-3761\" class=\"menu-item menu-item-type-post_type menu-item-object-page menu-item-3761\"><a href=\"https:\/\/aydingenelcerrahi.com\/index.php\/proktolojik-hastaliklar\/\">PROKTOLOJ\u0130K HASTALIKLAR<\/a><\/li>\n<li id=\"menu-item-3762\" class=\"menu-item menu-item-type-post_type menu-item-object-page menu-item-3762\"><a href=\"https:\/\/aydingenelcerrahi.com\/index.php\/tiroid-cerrahisi\/\">T\u0130RO\u0130D CERRAH\u0130S\u0130<\/a><\/li>\n<li id=\"menu-item-3758\" class=\"menu-item menu-item-type-post_type menu-item-object-page menu-item-3758\"><a href=\"https:\/\/aydingenelcerrahi.com\/index.php\/safra-kesesi-hastaliklari\/\">SAFRA KESES\u0130 HASTALIKLARI<\/a><\/li>\n<li id=\"menu-item-3760\" class=\"menu-item menu-item-type-post_type menu-item-object-page menu-item-3760\"><a href=\"https:\/\/aydingenelcerrahi.com\/index.php\/kalin-bagirsak-hastaliklari\/\">KALIN BA\u011eIRSAK HASTALIKLARI<\/a><\/li>\n<li id=\"menu-item-3765\" class=\"menu-item menu-item-type-post_type menu-item-object-page menu-item-3765\"><a href=\"https:\/\/aydingenelcerrahi.com\/index.php\/mide-kanseri-cerrahisi\/\">M\u0130DE CERRAH\u0130S\u0130 HASTALIKLARI<\/a><\/li>\n<\/ul><\/div><\/div>\t\t<\/div>\n\t\t\t\t<\/div>\n\t\t\t\t\t<\/div>\n\t\t<\/div>\n\t\t\t\t<div class=\"elementor-column elementor-col-66 elementor-top-column elementor-element elementor-element-9435dd3\" data-id=\"9435dd3\" data-element_type=\"column\">\n\t\t\t<div class=\"elementor-widget-wrap elementor-element-populated\">\n\t\t\t\t\t\t\t\t<div class=\"elementor-element elementor-element-df2fce2 elementor-widget elementor-widget-heading\" data-id=\"df2fce2\" data-element_type=\"widget\" data-widget_type=\"heading.default\">\n\t\t\t\t<div class=\"elementor-widget-container\">\n\t\t\t<style>\/*! elementor - v3.12.1 - 02-04-2023 *\/\n.elementor-heading-title{padding:0;margin:0;line-height:1}.elementor-widget-heading .elementor-heading-title[class*=elementor-size-]>a{color:inherit;font-size:inherit;line-height:inherit}.elementor-widget-heading .elementor-heading-title.elementor-size-small{font-size:15px}.elementor-widget-heading .elementor-heading-title.elementor-size-medium{font-size:19px}.elementor-widget-heading .elementor-heading-title.elementor-size-large{font-size:29px}.elementor-widget-heading .elementor-heading-title.elementor-size-xl{font-size:39px}.elementor-widget-heading .elementor-heading-title.elementor-size-xxl{font-size:59px}<\/style><h4 class=\"elementor-heading-title elementor-size-default\">KALIN BA\u011eIRSAK HASTALIKLARI<\/h4>\t\t<\/div>\n\t\t\t\t<\/div>\n\t\t\t\t<div class=\"elementor-element elementor-element-bd0d78b elementor-icon-list--layout-traditional elementor-list-item-link-full_width elementor-widget elementor-widget-icon-list\" data-id=\"bd0d78b\" data-element_type=\"widget\" data-widget_type=\"icon-list.default\">\n\t\t\t\t<div class=\"elementor-widget-container\">\n\t\t\t<link rel=\"stylesheet\" href=\"https:\/\/aydingenelcerrahi.com\/wp-content\/plugins\/elementor\/assets\/css\/widget-icon-list.min.css\">\t\t<ul class=\"elementor-icon-list-items\">\n\t\t\t\t\t\t\t<li class=\"elementor-icon-list-item\">\n\t\t\t\t\t\t\t\t\t\t\t<span class=\"elementor-icon-list-icon\">\n\t\t\t\t\t\t\t<i aria-hidden=\"true\" class=\"fas fa-check\"><\/i>\t\t\t\t\t\t<\/span>\n\t\t\t\t\t\t\t\t\t\t<span class=\"elementor-icon-list-text\">Kal\u0131n Ba\u011f\u0131rsak Kanseri<\/span>\n\t\t\t\t\t\t\t\t\t<\/li>\n\t\t\t\t\t\t\t\t<li class=\"elementor-icon-list-item\">\n\t\t\t\t\t\t\t\t\t\t\t<span class=\"elementor-icon-list-icon\">\n\t\t\t\t\t\t\t<i aria-hidden=\"true\" class=\"fas fa-check\"><\/i>\t\t\t\t\t\t<\/span>\n\t\t\t\t\t\t\t\t\t\t<span class=\"elementor-icon-list-text\">Kolon Cerrahisi<\/span>\n\t\t\t\t\t\t\t\t\t<\/li>\n\t\t\t\t\t\t\t\t<li class=\"elementor-icon-list-item\">\n\t\t\t\t\t\t\t\t\t\t\t<span class=\"elementor-icon-list-icon\">\n\t\t\t\t\t\t\t<i aria-hidden=\"true\" class=\"fas fa-check\"><\/i>\t\t\t\t\t\t<\/span>\n\t\t\t\t\t\t\t\t\t\t<span class=\"elementor-icon-list-text\">Kolostomi Kapat\u0131lmas\u0131<\/span>\n\t\t\t\t\t\t\t\t\t<\/li>\n\t\t\t\t\t\t\t\t<li class=\"elementor-icon-list-item\">\n\t\t\t\t\t\t\t\t\t\t\t<span class=\"elementor-icon-list-icon\">\n\t\t\t\t\t\t\t<i aria-hidden=\"true\" class=\"fas fa-check\"><\/i>\t\t\t\t\t\t<\/span>\n\t\t\t\t\t\t\t\t\t\t<span class=\"elementor-icon-list-text\">KAPS\u00dcL ENDOSKOP\u0130S\u0130 ile Tan\u0131 Konulamayan Sindirim Sistemi Kanamalar\u0131n\u0131n belirlenmesi<\/span>\n\t\t\t\t\t\t\t\t\t<\/li>\n\t\t\t\t\t\t\t\t<li class=\"elementor-icon-list-item\">\n\t\t\t\t\t\t\t\t\t\t\t<span class=\"elementor-icon-list-icon\">\n\t\t\t\t\t\t\t<i aria-hidden=\"true\" class=\"fas fa-check\"><\/i>\t\t\t\t\t\t<\/span>\n\t\t\t\t\t\t\t\t\t\t<span class=\"elementor-icon-list-text\">\u0130nce Ba\u011f\u0131rsak Hastal\u0131klar\u0131n\u0131n Tan\u0131s\u0131<\/span>\n\t\t\t\t\t\t\t\t\t<\/li>\n\t\t\t\t\t\t<\/ul>\n\t\t\t\t<\/div>\n\t\t\t\t<\/div>\n\t\t\t\t<div class=\"elementor-element elementor-element-1dffad6 elementor-widget elementor-widget-heading\" data-id=\"1dffad6\" data-element_type=\"widget\" data-widget_type=\"heading.default\">\n\t\t\t\t<div class=\"elementor-widget-container\">\n\t\t\t<h4 class=\"elementor-heading-title elementor-size-default\">Kal\u0131n Ba\u011f\u0131rsak Kanseri<\/h4>\t\t<\/div>\n\t\t\t\t<\/div>\n\t\t\t\t<div class=\"elementor-element elementor-element-1009a8c elementor-widget elementor-widget-image\" data-id=\"1009a8c\" data-element_type=\"widget\" data-widget_type=\"image.default\">\n\t\t\t\t<div class=\"elementor-widget-container\">\n\t\t\t<style>\/*! elementor - v3.12.1 - 02-04-2023 *\/\n.elementor-widget-image{text-align:center}.elementor-widget-image a{display:inline-block}.elementor-widget-image a img[src$=\".svg\"]{width:48px}.elementor-widget-image img{vertical-align:middle;display:inline-block}<\/style>\t\t\t\t\t\t\t\t\t\t\t\t<img loading=\"lazy\" decoding=\"async\" width=\"225\" height=\"300\" src=\"https:\/\/aydingenelcerrahi.com\/wp-content\/uploads\/2023\/04\/IMG_4664-225x300.jpg\" class=\"attachment-medium size-medium wp-image-17363\" alt=\"\" srcset=\"https:\/\/aydingenelcerrahi.com\/wp-content\/uploads\/2023\/04\/IMG_4664-225x300.jpg 225w, https:\/\/aydingenelcerrahi.com\/wp-content\/uploads\/2023\/04\/IMG_4664-768x1024.jpg 768w, https:\/\/aydingenelcerrahi.com\/wp-content\/uploads\/2023\/04\/IMG_4664-1152x1536.jpg 1152w, https:\/\/aydingenelcerrahi.com\/wp-content\/uploads\/2023\/04\/IMG_4664-1536x2048.jpg 1536w, https:\/\/aydingenelcerrahi.com\/wp-content\/uploads\/2023\/04\/IMG_4664-scaled.jpg 1920w\" sizes=\"auto, (max-width: 225px) 100vw, 225px\" \/>\t\t\t\t\t\t\t\t\t\t\t\t\t\t\t<\/div>\n\t\t\t\t<\/div>\n\t\t\t\t<div class=\"elementor-element elementor-element-33e3f1f elementor-widget elementor-widget-text-editor\" data-id=\"33e3f1f\" data-element_type=\"widget\" data-widget_type=\"text-editor.default\">\n\t\t\t\t<div class=\"elementor-widget-container\">\n\t\t\t<style>\/*! elementor - v3.12.1 - 02-04-2023 *\/\n.elementor-widget-text-editor.elementor-drop-cap-view-stacked .elementor-drop-cap{background-color:#69727d;color:#fff}.elementor-widget-text-editor.elementor-drop-cap-view-framed .elementor-drop-cap{color:#69727d;border:3px solid;background-color:transparent}.elementor-widget-text-editor:not(.elementor-drop-cap-view-default) .elementor-drop-cap{margin-top:8px}.elementor-widget-text-editor:not(.elementor-drop-cap-view-default) .elementor-drop-cap-letter{width:1em;height:1em}.elementor-widget-text-editor .elementor-drop-cap{float:left;text-align:center;line-height:1;font-size:50px}.elementor-widget-text-editor .elementor-drop-cap-letter{display:inline-block}<\/style>\t\t\t\t<p>Kal\u0131n ba\u011f\u0131rsak kanseri sindirim sisteminin en s\u0131k g\u00f6r\u00fclen kanseridir. Bu nedenle erken tan\u0131 i\u00e7in yak\u0131nmas\u0131 olmayan ki\u015filerin de 45 ya\u015f\u0131ndan itibaren kolonoskopi yapt\u0131rmas\u0131 gerekir. Bir sorun g\u00f6r\u00fclmezse 10 y\u0131lda bir kolonoskopi yeterlidir. Polip gibi bir sorun g\u00f6r\u00fcl\u00fcrse, tipine ba\u011fl\u0131 olarak 2-3 y\u0131lda bir kontrol edilmelidir.\u00a0<\/p><p>Kal\u0131n ba\u011f\u0131rsak kanserinin belirtileri ara s\u0131ra kab\u0131zl\u0131k ve ishal d\u00f6nemlerinin birbirini izlemesi, makattan kan veya kanl\u0131 gaita gelmesi, gaitada gizli kan g\u00f6r\u00fclmesi, ba\u015fka bir neden yok iken demir eksikli\u011fi anemisi ortaya \u00e7\u0131kmas\u0131, kar\u0131nda \u015fi\u015fkinlik, gaz tutuklu\u011fu, 1o y\u0131ldan uzun s\u00fcredir iltihabi barsak hastal\u0131\u011f\u0131 tedavisi g\u00f6rmek, kal\u0131n ba\u011f\u0131rsakta \u00e7ok say\u0131da poliplerin saptanmas\u0131 gibi durumlard\u0131r.<\/p>\t\t\t\t\t\t<\/div>\n\t\t\t\t<\/div>\n\t\t\t\t<div class=\"elementor-element elementor-element-00ef7b5 elementor-widget elementor-widget-heading\" data-id=\"00ef7b5\" data-element_type=\"widget\" data-widget_type=\"heading.default\">\n\t\t\t\t<div class=\"elementor-widget-container\">\n\t\t\t<h2 class=\"elementor-heading-title elementor-size-default\"><font color=\"#18100f\" face=\"Quicksand, sans-serif\"><span style=\"font-size: 28px;\">KAPS\u00dcL ENDOSKOP\u0130S\u0130<\/span><\/font><\/h2>\t\t<\/div>\n\t\t\t\t<\/div>\n\t\t\t\t<div class=\"elementor-element elementor-element-e9d4cb1 elementor-widget elementor-widget-image\" data-id=\"e9d4cb1\" data-element_type=\"widget\" data-widget_type=\"image.default\">\n\t\t\t\t<div class=\"elementor-widget-container\">\n\t\t\t\t\t\t\t\t\t\t\t\t\t\t\t<img loading=\"lazy\" decoding=\"async\" width=\"240\" height=\"300\" src=\"https:\/\/aydingenelcerrahi.com\/wp-content\/uploads\/2023\/04\/capsule1-white-background-819x1024_1033-240x300.jpg\" class=\"attachment-medium size-medium wp-image-17370\" alt=\"\" srcset=\"https:\/\/aydingenelcerrahi.com\/wp-content\/uploads\/2023\/04\/capsule1-white-background-819x1024_1033-240x300.jpg 240w, https:\/\/aydingenelcerrahi.com\/wp-content\/uploads\/2023\/04\/capsule1-white-background-819x1024_1033.jpg 400w\" sizes=\"auto, (max-width: 240px) 100vw, 240px\" \/>\t\t\t\t\t\t\t\t\t\t\t\t\t\t\t<\/div>\n\t\t\t\t<\/div>\n\t\t\t\t<div class=\"elementor-element elementor-element-ebded52 elementor-widget elementor-widget-text-editor\" data-id=\"ebded52\" data-element_type=\"widget\" data-widget_type=\"text-editor.default\">\n\t\t\t\t<div class=\"elementor-widget-container\">\n\t\t\t\t\t\t\t<p>\u0130nce ba\u011f\u0131rsak hastal\u0131klar\u0131 tan\u0131s\u0131 i\u00e7in olan bu modelin kullan\u0131m yerleri;<\/p><p>\u0130nflamatuar Ba\u011f\u0131rsak Hastal\u0131klar\u0131 (Crohn hastal\u0131\u011f\u0131 tan\u0131 ve takibi)<\/p><p>[Endoskopi ve g\u00f6r\u00fcnt\u00fcleme y\u00f6ntemleri uygulanamad\u0131\u011f\u0131nda, tan\u0131 koydurmazsa ve ba\u011f\u0131rsak t\u0131kan\u0131kl\u0131\u011f\u0131 yoksa]<\/p><p>Gizli sindirim sistemi kanamalar\u0131 ve\/veya Kronik Anemi tan\u0131s\u0131nda<\/p><p>Polipozis Sendromlar\u0131n\u0131n tan\u0131s\u0131nda<\/p><p>\u00c7ocuklarda \u00c7\u00f6liak hastal\u0131\u011f\u0131 ve malabsorpsiyon sendromlar\u0131n\u0131n tan\u0131s\u0131nda, geli\u015fme gerili\u011finde<\/p>\t\t\t\t\t\t<\/div>\n\t\t\t\t<\/div>\n\t\t\t\t\t<\/div>\n\t\t<\/div>\n\t\t\t\t\t\t\t<\/div>\n\t\t<\/div>\n\t\t\t\t\t\t\t<\/div>\n\t\t","protected":false},"excerpt":{"rendered":"<p>KALIN BA\u011eIRSAK HASTALIKLARI Kal\u0131n Ba\u011f\u0131rsak Kanseri Kolon Cerrahisi Kolostomi Kapat\u0131lmas\u0131 KAPS\u00dcL ENDOSKOP\u0130S\u0130 ile Tan\u0131 Konulamayan Sindirim Sistemi Kanamalar\u0131n\u0131n belirlenmesi \u0130nce Ba\u011f\u0131rsak Hastal\u0131klar\u0131n\u0131n Tan\u0131s\u0131 Kal\u0131n Ba\u011f\u0131rsak Kanseri Kal\u0131n ba\u011f\u0131rsak kanseri sindirim sisteminin en s\u0131k g\u00f6r\u00fclen kanseridir. Bu nedenle erken tan\u0131 i\u00e7in yak\u0131nmas\u0131 olmayan ki\u015filerin de 45 ya\u015f\u0131ndan itibaren kolonoskopi yapt\u0131rmas\u0131 gerekir. Bir sorun g\u00f6r\u00fclmezse 10 y\u0131lda [&hellip;]<\/p>\n","protected":false},"author":1,"featured_media":0,"parent":0,"menu_order":0,"comment_status":"closed","ping_status":"closed","template":"","meta":{"om_disable_all_campaigns":false,"_mi_skip_tracking":false,"footnotes":""},"class_list":["post-3498","page","type-page","status-publish","hentry"],"acf":[],"aioseo_notices":[],"_links":{"self":[{"href":"https:\/\/aydingenelcerrahi.com\/index.php\/wp-json\/wp\/v2\/pages\/3498","targetHints":{"allow":["GET"]}}],"collection":[{"href":"https:\/\/aydingenelcerrahi.com\/index.php\/wp-json\/wp\/v2\/pages"}],"about":[{"href":"https:\/\/aydingenelcerrahi.com\/index.php\/wp-json\/wp\/v2\/types\/page"}],"author":[{"embeddable":true,"href":"https:\/\/aydingenelcerrahi.com\/index.php\/wp-json\/wp\/v2\/users\/1"}],"replies":[{"embeddable":true,"href":"https:\/\/aydingenelcerrahi.com\/index.php\/wp-json\/wp\/v2\/comments?post=3498"}],"version-history":[{"count":17,"href":"https:\/\/aydingenelcerrahi.com\/index.php\/wp-json\/wp\/v2\/pages\/3498\/revisions"}],"predecessor-version":[{"id":17373,"href":"https:\/\/aydingenelcerrahi.com\/index.php\/wp-json\/wp\/v2\/pages\/3498\/revisions\/17373"}],"wp:attachment":[{"href":"https:\/\/aydingenelcerrahi.com\/index.php\/wp-json\/wp\/v2\/media?parent=3498"}],"curies":[{"name":"wp","href":"https:\/\/api.w.org\/{rel}","templated":true}]}}