{"id":2229,"date":"2021-12-03T10:01:22","date_gmt":"2021-12-03T10:01:22","guid":{"rendered":"https:\/\/medicate.peacefulqode.com\/?page_id=2229"},"modified":"2024-01-28T23:11:04","modified_gmt":"2024-01-28T20:11:04","slug":"blog-2","status":"publish","type":"page","link":"https:\/\/aydingenelcerrahi.com\/index.php\/blog-2\/","title":{"rendered":"Blog"},"content":{"rendered":"\t\t<div data-elementor-type=\"wp-page\" data-elementor-id=\"2229\" class=\"elementor elementor-2229\">\n\t\t\t\t\t\t\t\t\t<div class=\"elementor-section elementor-top-section elementor-element elementor-element-d5c728f elementor-section-full_width elementor-section-stretched elementor-section-height-default elementor-section-height-default\" data-id=\"d5c728f\" data-element_type=\"section\" data-settings=\"{&quot;stretch_section&quot;:&quot;section-stretched&quot;}\">\n\t\t\t\t\t\t<div class=\"elementor-container elementor-column-gap-default\">\n\t\t\t\t\t<div class=\"elementor-column elementor-col-100 elementor-top-column elementor-element elementor-element-8a14a4b\" data-id=\"8a14a4b\" data-element_type=\"column\">\n\t\t\t<div class=\"elementor-widget-wrap elementor-element-populated\">\n\t\t\t\t\t\t\t\t<div class=\"elementor-section elementor-inner-section elementor-element elementor-element-5fbb820 elementor-section-boxed elementor-section-height-default elementor-section-height-default\" data-id=\"5fbb820\" data-element_type=\"section\">\n\t\t\t\t\t\t<div class=\"elementor-container elementor-column-gap-default\">\n\t\t\t\t\t<div class=\"elementor-column elementor-col-100 elementor-inner-column elementor-element elementor-element-ef6a3c7\" data-id=\"ef6a3c7\" data-element_type=\"column\">\n\t\t\t<div class=\"elementor-widget-wrap elementor-element-populated\">\n\t\t\t\t\t\t\t\t<div class=\"elementor-element elementor-element-6c0939b elementor-widget elementor-widget-blog\" data-id=\"6c0939b\" data-element_type=\"widget\" data-widget_type=\"blog.default\">\n\t\t\t\t<div class=\"elementor-widget-container\">\n\t\t\t<div class=\"pt-blog pt-blog-col-2\">\r\n  <div class=\"row\">\r\n\r\n              <div class=\"col-lg-6\">\r\n           <div class=\"pt-blog-post\">\r\n              <div class=\"pt-post-media\">\r\n              <img loading=\"lazy\" decoding=\"async\" width=\"842\" height=\"1280\" src=\"https:\/\/aydingenelcerrahi.com\/wp-content\/uploads\/2023\/04\/memekitabi.jpg\" class=\"attachment-post-thumbnail size-post-thumbnail wp-post-image\" alt=\"\" srcset=\"https:\/\/aydingenelcerrahi.com\/wp-content\/uploads\/2023\/04\/memekitabi.jpg 842w, https:\/\/aydingenelcerrahi.com\/wp-content\/uploads\/2023\/04\/memekitabi-197x300.jpg 197w, https:\/\/aydingenelcerrahi.com\/wp-content\/uploads\/2023\/04\/memekitabi-674x1024.jpg 674w, https:\/\/aydingenelcerrahi.com\/wp-content\/uploads\/2023\/04\/memekitabi-768x1168.jpg 768w\" sizes=\"auto, (max-width: 842px) 100vw, 842px\" \/>\r\n              \r\n                                  <div class=\"pt-post-date\">\r\n                    <a href=\"https:\/\/aydingenelcerrahi.com\/index.php\/2023\/04\/15\/\">\r\n                    <span>15 Nisan 2023<\/span><\/a>\r\n                 <\/div>\r\n                                   <\/div>\r\n\r\n                  <div class=\"pt-blog-contain\">\r\n                 <div class=\"pt-post-meta\">\r\n                    <ul>\r\n                       <li class=\"pt-post-author\"><i class=\"fa fa-user\"><\/i>hedefozgun<\/li>\r\n\r\n                       <li class=\"pt-post-comment\">\r\n                                                              <a href=\"https:\/\/aydingenelcerrahi.com\/index.php\/2023\/04\/15\/meme-kanseri-sagligi-estetigi-kitabi\/\"><i class=\"fa fa-comments\"><\/i>\r\n                                  0 Comments<\/a>\r\n                        <\/li>\r\n                    <\/ul>\r\n                 <\/div>\r\n\r\n                 <h5 class=\"pt-blog-title\"><a href=\"https:\/\/aydingenelcerrahi.com\/index.php\/2023\/04\/15\/meme-kanseri-sagligi-estetigi-kitabi\/\">Meme Kanseri, Sa\u011fl\u0131\u011f\u0131, Esteti\u011fi Kitab\u0131<\/a><\/h5>\r\n\r\n                 <div class=\"pt-blog-info\">\r\n                    <p>Meme Kanseri, Sa\u011fl\u0131\u011f\u0131, Esteti\u011fi Kitab\u0131 Memeler modern d\u00fcnyada kad\u0131n\u0131 tan\u0131mlayan ve tamamlayan estetik organlard\u0131r. Bu \u00f6zelliklerini ya\u015fam boyu her zaman korurlar. Meme ayn\u0131 zamanda kad\u0131n sa\u011fl\u0131\u011f\u0131n\u0131 ve ya\u015fam\u0131n\u0131 en \u00e7ok tehdit eden organ olarak bilinmektedir. G\u00fcncel bilgi olarak ya\u015fam boyu kad\u0131nlar\u0131n %50\u2019sine en az bir kez meme biyopsisi yap\u0131lmaktad\u0131r. Daha da \u00f6nemlisi \u00fclkemizdeki kad\u0131nlar\u0131n on [&hellip;]<\/p>\n                 <\/div>\r\n\r\n                 <div class=\"pt-btn-container\">\r\n                        <a href=\"https:\/\/aydingenelcerrahi.com\/index.php\/2023\/04\/15\/meme-kanseri-sagligi-estetigi-kitabi\/\" class=\"pt-button pt-button-flat\" >\r\n                          <div class=\"pt-button-block\">\r\n                            <span class=\"pt-button-text\">Daha Fazla<\/span>\r\n                            <i class=\"ion ion-plus-round\"><\/i>\r\n                          <\/div>\r\n                        <\/a>\r\n                    <\/div>\r\n\r\n\r\n              <\/div>\r\n           <\/div>\r\n          <\/div>\r\n\r\n              <div class=\"col-lg-6\">\r\n           <div class=\"pt-blog-post\">\r\n              <div class=\"pt-post-media\">\r\n              <img loading=\"lazy\" decoding=\"async\" width=\"1920\" height=\"2292\" src=\"https:\/\/aydingenelcerrahi.com\/wp-content\/uploads\/2021\/12\/hurriyet.png\" class=\"attachment-post-thumbnail size-post-thumbnail wp-post-image\" alt=\"\" srcset=\"https:\/\/aydingenelcerrahi.com\/wp-content\/uploads\/2021\/12\/hurriyet.png 1920w, https:\/\/aydingenelcerrahi.com\/wp-content\/uploads\/2021\/12\/hurriyet-251x300.png 251w, https:\/\/aydingenelcerrahi.com\/wp-content\/uploads\/2021\/12\/hurriyet-858x1024.png 858w, https:\/\/aydingenelcerrahi.com\/wp-content\/uploads\/2021\/12\/hurriyet-768x917.png 768w, https:\/\/aydingenelcerrahi.com\/wp-content\/uploads\/2021\/12\/hurriyet-1287x1536.png 1287w, https:\/\/aydingenelcerrahi.com\/wp-content\/uploads\/2021\/12\/hurriyet-1716x2048.png 1716w\" sizes=\"auto, (max-width: 1920px) 100vw, 1920px\" \/>\r\n              \r\n                                  <div class=\"pt-post-date\">\r\n                    <a href=\"https:\/\/aydingenelcerrahi.com\/index.php\/2021\/12\/17\/\">\r\n                    <span>17 Aral\u0131k 2021<\/span><\/a>\r\n                 <\/div>\r\n                                   <\/div>\r\n\r\n                  <div class=\"pt-blog-contain\">\r\n                 <div class=\"pt-post-meta\">\r\n                    <ul>\r\n                       <li class=\"pt-post-author\"><i class=\"fa fa-user\"><\/i>hedefozgun<\/li>\r\n\r\n                       <li class=\"pt-post-comment\">\r\n                                                              <a href=\"https:\/\/aydingenelcerrahi.com\/index.php\/2021\/12\/17\/hurriyet-2015\/\"><i class=\"fa fa-comments\"><\/i>\r\n                                  0 Comments<\/a>\r\n                        <\/li>\r\n                    <\/ul>\r\n                 <\/div>\r\n\r\n                 <h5 class=\"pt-blog-title\"><a href=\"https:\/\/aydingenelcerrahi.com\/index.php\/2021\/12\/17\/hurriyet-2015\/\">H\u00fcrriyet Gazetesi &#8211; Hemoroid Hastalar\u0131 I\u00e7in Ameliyat Art\u0131k Ac\u0131s\u0131z<\/a><\/h5>\r\n\r\n                 <div class=\"pt-blog-info\">\r\n                    <p>Hemoroid hastalar\u0131 i\u00e7in ameliyat art\u0131k ac\u0131s\u0131z Habere Git<\/p>\n                 <\/div>\r\n\r\n                 <div class=\"pt-btn-container\">\r\n                        <a href=\"https:\/\/aydingenelcerrahi.com\/index.php\/2021\/12\/17\/hurriyet-2015\/\" class=\"pt-button pt-button-flat\" >\r\n                          <div class=\"pt-button-block\">\r\n                            <span class=\"pt-button-text\">Daha Fazla<\/span>\r\n                            <i class=\"ion ion-plus-round\"><\/i>\r\n                          <\/div>\r\n                        <\/a>\r\n                    <\/div>\r\n\r\n\r\n              <\/div>\r\n           <\/div>\r\n          <\/div>\r\n\r\n              <div class=\"col-lg-6\">\r\n           <div class=\"pt-blog-post\">\r\n              <div class=\"pt-post-media\">\r\n              <img loading=\"lazy\" decoding=\"async\" width=\"1920\" height=\"1374\" src=\"https:\/\/aydingenelcerrahi.com\/wp-content\/uploads\/2021\/12\/vatan.png\" class=\"attachment-post-thumbnail size-post-thumbnail wp-post-image\" alt=\"\" srcset=\"https:\/\/aydingenelcerrahi.com\/wp-content\/uploads\/2021\/12\/vatan.png 1920w, https:\/\/aydingenelcerrahi.com\/wp-content\/uploads\/2021\/12\/vatan-300x215.png 300w, https:\/\/aydingenelcerrahi.com\/wp-content\/uploads\/2021\/12\/vatan-1024x733.png 1024w, https:\/\/aydingenelcerrahi.com\/wp-content\/uploads\/2021\/12\/vatan-768x550.png 768w, https:\/\/aydingenelcerrahi.com\/wp-content\/uploads\/2021\/12\/vatan-1536x1099.png 1536w\" sizes=\"auto, (max-width: 1920px) 100vw, 1920px\" \/>\r\n              \r\n                                  <div class=\"pt-post-date\">\r\n                    <a href=\"https:\/\/aydingenelcerrahi.com\/index.php\/2021\/12\/05\/\">\r\n                    <span>5 Aral\u0131k 2021<\/span><\/a>\r\n                 <\/div>\r\n                                   <\/div>\r\n\r\n                  <div class=\"pt-blog-contain\">\r\n                 <div class=\"pt-post-meta\">\r\n                    <ul>\r\n                       <li class=\"pt-post-author\"><i class=\"fa fa-user\"><\/i>hedefozgun<\/li>\r\n\r\n                       <li class=\"pt-post-comment\">\r\n                                                              <a href=\"https:\/\/aydingenelcerrahi.com\/index.php\/2021\/12\/05\/vatan-2015\/\"><i class=\"fa fa-comments\"><\/i>\r\n                                  0 Comments<\/a>\r\n                        <\/li>\r\n                    <\/ul>\r\n                 <\/div>\r\n\r\n                 <h5 class=\"pt-blog-title\"><a href=\"https:\/\/aydingenelcerrahi.com\/index.php\/2021\/12\/05\/vatan-2015\/\">Vatan Gazetesi &#8211; Hemoroide ac\u0131s\u0131z \u00e7\u00f6z\u00fcm<\/a><\/h5>\r\n\r\n                 <div class=\"pt-blog-info\">\r\n                    <p>Hemoroid hastalar\u0131 i\u00e7in ameliyat art\u0131k ac\u0131s\u0131z Habere Git<\/p>\n                 <\/div>\r\n\r\n                 <div class=\"pt-btn-container\">\r\n                        <a href=\"https:\/\/aydingenelcerrahi.com\/index.php\/2021\/12\/05\/vatan-2015\/\" class=\"pt-button pt-button-flat\" >\r\n                          <div class=\"pt-button-block\">\r\n                            <span class=\"pt-button-text\">Daha Fazla<\/span>\r\n                            <i class=\"ion ion-plus-round\"><\/i>\r\n                          <\/div>\r\n                        <\/a>\r\n                    <\/div>\r\n\r\n\r\n              <\/div>\r\n           <\/div>\r\n          <\/div>\r\n\r\n              <div class=\"col-lg-6\">\r\n           <div class=\"pt-blog-post\">\r\n              <div class=\"pt-post-media\">\r\n              <img loading=\"lazy\" decoding=\"async\" width=\"1920\" height=\"1920\" src=\"https:\/\/aydingenelcerrahi.com\/wp-content\/uploads\/2021\/12\/milliyet.png\" class=\"attachment-post-thumbnail size-post-thumbnail wp-post-image\" alt=\"\" srcset=\"https:\/\/aydingenelcerrahi.com\/wp-content\/uploads\/2021\/12\/milliyet.png 1920w, https:\/\/aydingenelcerrahi.com\/wp-content\/uploads\/2021\/12\/milliyet-300x300.png 300w, https:\/\/aydingenelcerrahi.com\/wp-content\/uploads\/2021\/12\/milliyet-1024x1024.png 1024w, https:\/\/aydingenelcerrahi.com\/wp-content\/uploads\/2021\/12\/milliyet-150x150.png 150w, https:\/\/aydingenelcerrahi.com\/wp-content\/uploads\/2021\/12\/milliyet-768x768.png 768w, https:\/\/aydingenelcerrahi.com\/wp-content\/uploads\/2021\/12\/milliyet-1536x1536.png 1536w\" sizes=\"auto, (max-width: 1920px) 100vw, 1920px\" \/>\r\n              \r\n                                  <div class=\"pt-post-date\">\r\n                    <a href=\"https:\/\/aydingenelcerrahi.com\/index.php\/2021\/12\/05\/\">\r\n                    <span>5 Aral\u0131k 2021<\/span><\/a>\r\n                 <\/div>\r\n                                   <\/div>\r\n\r\n                  <div class=\"pt-blog-contain\">\r\n                 <div class=\"pt-post-meta\">\r\n                    <ul>\r\n                       <li class=\"pt-post-author\"><i class=\"fa fa-user\"><\/i>hedefozgun<\/li>\r\n\r\n                       <li class=\"pt-post-comment\">\r\n                                                              <a href=\"https:\/\/aydingenelcerrahi.com\/index.php\/2021\/12\/05\/miliyet-2016\/\"><i class=\"fa fa-comments\"><\/i>\r\n                                  0 Comments<\/a>\r\n                        <\/li>\r\n                    <\/ul>\r\n                 <\/div>\r\n\r\n                 <h5 class=\"pt-blog-title\"><a href=\"https:\/\/aydingenelcerrahi.com\/index.php\/2021\/12\/05\/miliyet-2016\/\">Milliyet Gazetesi<\/a><\/h5>\r\n\r\n                 <div class=\"pt-blog-info\">\r\n                    <p>Milliyet Gazetesi Habere Git<\/p>\n                 <\/div>\r\n\r\n                 <div class=\"pt-btn-container\">\r\n                        <a href=\"https:\/\/aydingenelcerrahi.com\/index.php\/2021\/12\/05\/miliyet-2016\/\" class=\"pt-button pt-button-flat\" >\r\n                          <div class=\"pt-button-block\">\r\n                            <span class=\"pt-button-text\">Daha Fazla<\/span>\r\n                            <i class=\"ion ion-plus-round\"><\/i>\r\n                          <\/div>\r\n                        <\/a>\r\n                    <\/div>\r\n\r\n\r\n              <\/div>\r\n           <\/div>\r\n          <\/div>\r\n\r\n              <div class=\"col-lg-6\">\r\n           <div class=\"pt-blog-post\">\r\n              <div class=\"pt-post-media\">\r\n              <img loading=\"lazy\" decoding=\"async\" width=\"1920\" height=\"2442\" src=\"https:\/\/aydingenelcerrahi.com\/wp-content\/uploads\/2021\/12\/haberturk.png\" class=\"attachment-post-thumbnail size-post-thumbnail wp-post-image\" alt=\"\" srcset=\"https:\/\/aydingenelcerrahi.com\/wp-content\/uploads\/2021\/12\/haberturk.png 1920w, https:\/\/aydingenelcerrahi.com\/wp-content\/uploads\/2021\/12\/haberturk-236x300.png 236w, https:\/\/aydingenelcerrahi.com\/wp-content\/uploads\/2021\/12\/haberturk-805x1024.png 805w, https:\/\/aydingenelcerrahi.com\/wp-content\/uploads\/2021\/12\/haberturk-768x977.png 768w, https:\/\/aydingenelcerrahi.com\/wp-content\/uploads\/2021\/12\/haberturk-1208x1536.png 1208w, https:\/\/aydingenelcerrahi.com\/wp-content\/uploads\/2021\/12\/haberturk-1610x2048.png 1610w\" sizes=\"auto, (max-width: 1920px) 100vw, 1920px\" \/>\r\n              \r\n                                  <div class=\"pt-post-date\">\r\n                    <a href=\"https:\/\/aydingenelcerrahi.com\/index.php\/2021\/12\/05\/\">\r\n                    <span>5 Aral\u0131k 2021<\/span><\/a>\r\n                 <\/div>\r\n                                   <\/div>\r\n\r\n                  <div class=\"pt-blog-contain\">\r\n                 <div class=\"pt-post-meta\">\r\n                    <ul>\r\n                       <li class=\"pt-post-author\"><i class=\"fa fa-user\"><\/i>hedefozgun<\/li>\r\n\r\n                       <li class=\"pt-post-comment\">\r\n                                                              <a href=\"https:\/\/aydingenelcerrahi.com\/index.php\/2021\/12\/05\/haberturk-2015\/\"><i class=\"fa fa-comments\"><\/i>\r\n                                  0 Comments<\/a>\r\n                        <\/li>\r\n                    <\/ul>\r\n                 <\/div>\r\n\r\n                 <h5 class=\"pt-blog-title\"><a href=\"https:\/\/aydingenelcerrahi.com\/index.php\/2021\/12\/05\/haberturk-2015\/\">Habert\u00fcrk Gazetesi<\/a><\/h5>\r\n\r\n                 <div class=\"pt-blog-info\">\r\n                    <p>Habert\u00fcrk Gazetesi Habere Git<\/p>\n                 <\/div>\r\n\r\n                 <div class=\"pt-btn-container\">\r\n                        <a href=\"https:\/\/aydingenelcerrahi.com\/index.php\/2021\/12\/05\/haberturk-2015\/\" class=\"pt-button pt-button-flat\" >\r\n                          <div class=\"pt-button-block\">\r\n                            <span class=\"pt-button-text\">Daha Fazla<\/span>\r\n                            <i class=\"ion ion-plus-round\"><\/i>\r\n                          <\/div>\r\n                        <\/a>\r\n                    <\/div>\r\n\r\n\r\n              <\/div>\r\n           <\/div>\r\n          <\/div>\r\n\r\n              <div class=\"col-lg-6\">\r\n           <div class=\"pt-blog-post\">\r\n              <div class=\"pt-post-media\">\r\n              <img loading=\"lazy\" decoding=\"async\" width=\"1920\" height=\"2374\" src=\"https:\/\/aydingenelcerrahi.com\/wp-content\/uploads\/2021\/12\/denge.png\" class=\"attachment-post-thumbnail size-post-thumbnail wp-post-image\" alt=\"\" srcset=\"https:\/\/aydingenelcerrahi.com\/wp-content\/uploads\/2021\/12\/denge.png 1920w, https:\/\/aydingenelcerrahi.com\/wp-content\/uploads\/2021\/12\/denge-243x300.png 243w, https:\/\/aydingenelcerrahi.com\/wp-content\/uploads\/2021\/12\/denge-828x1024.png 828w, https:\/\/aydingenelcerrahi.com\/wp-content\/uploads\/2021\/12\/denge-768x950.png 768w, https:\/\/aydingenelcerrahi.com\/wp-content\/uploads\/2021\/12\/denge-1242x1536.png 1242w, https:\/\/aydingenelcerrahi.com\/wp-content\/uploads\/2021\/12\/denge-1656x2048.png 1656w\" sizes=\"auto, (max-width: 1920px) 100vw, 1920px\" \/>\r\n              \r\n                                  <div class=\"pt-post-date\">\r\n                    <a href=\"https:\/\/aydingenelcerrahi.com\/index.php\/2021\/12\/05\/\">\r\n                    <span>5 Aral\u0131k 2021<\/span><\/a>\r\n                 <\/div>\r\n                                   <\/div>\r\n\r\n                  <div class=\"pt-blog-contain\">\r\n                 <div class=\"pt-post-meta\">\r\n                    <ul>\r\n                       <li class=\"pt-post-author\"><i class=\"fa fa-user\"><\/i>hedefozgun<\/li>\r\n\r\n                       <li class=\"pt-post-comment\">\r\n                                                              <a href=\"https:\/\/aydingenelcerrahi.com\/index.php\/2021\/12\/05\/denge-2015\/\"><i class=\"fa fa-comments\"><\/i>\r\n                                  0 Comments<\/a>\r\n                        <\/li>\r\n                    <\/ul>\r\n                 <\/div>\r\n\r\n                 <h5 class=\"pt-blog-title\"><a href=\"https:\/\/aydingenelcerrahi.com\/index.php\/2021\/12\/05\/denge-2015\/\">Denge Gazetesi<\/a><\/h5>\r\n\r\n                 <div class=\"pt-blog-info\">\r\n                    <p>Denge Gazetesi Habere Git<\/p>\n                 <\/div>\r\n\r\n                 <div class=\"pt-btn-container\">\r\n                        <a href=\"https:\/\/aydingenelcerrahi.com\/index.php\/2021\/12\/05\/denge-2015\/\" class=\"pt-button pt-button-flat\" >\r\n                          <div class=\"pt-button-block\">\r\n                            <span class=\"pt-button-text\">Daha Fazla<\/span>\r\n                            <i class=\"ion ion-plus-round\"><\/i>\r\n                          <\/div>\r\n                        <\/a>\r\n                    <\/div>\r\n\r\n\r\n              <\/div>\r\n           <\/div>\r\n          <\/div>\r\n\r\n              <div class=\"col-lg-6\">\r\n           <div class=\"pt-blog-post\">\r\n              <div class=\"pt-post-media\">\r\n              <img loading=\"lazy\" decoding=\"async\" width=\"1919\" height=\"1523\" src=\"https:\/\/aydingenelcerrahi.com\/wp-content\/uploads\/2021\/12\/asimetrik.png\" class=\"attachment-post-thumbnail size-post-thumbnail wp-post-image\" alt=\"\" srcset=\"https:\/\/aydingenelcerrahi.com\/wp-content\/uploads\/2021\/12\/asimetrik.png 1919w, https:\/\/aydingenelcerrahi.com\/wp-content\/uploads\/2021\/12\/asimetrik-300x238.png 300w, https:\/\/aydingenelcerrahi.com\/wp-content\/uploads\/2021\/12\/asimetrik-1024x813.png 1024w, https:\/\/aydingenelcerrahi.com\/wp-content\/uploads\/2021\/12\/asimetrik-768x610.png 768w, https:\/\/aydingenelcerrahi.com\/wp-content\/uploads\/2021\/12\/asimetrik-1536x1219.png 1536w\" sizes=\"auto, (max-width: 1919px) 100vw, 1919px\" \/>\r\n              \r\n                                  <div class=\"pt-post-date\">\r\n                    <a href=\"https:\/\/aydingenelcerrahi.com\/index.php\/2021\/12\/05\/\">\r\n                    <span>5 Aral\u0131k 2021<\/span><\/a>\r\n                 <\/div>\r\n                                   <\/div>\r\n\r\n                  <div class=\"pt-blog-contain\">\r\n                 <div class=\"pt-post-meta\">\r\n                    <ul>\r\n                       <li class=\"pt-post-author\"><i class=\"fa fa-user\"><\/i>hedefozgun<\/li>\r\n\r\n                       <li class=\"pt-post-comment\">\r\n                                                              <a href=\"https:\/\/aydingenelcerrahi.com\/index.php\/2021\/12\/05\/asimetrik-haber-2016\/\"><i class=\"fa fa-comments\"><\/i>\r\n                                  0 Comments<\/a>\r\n                        <\/li>\r\n                    <\/ul>\r\n                 <\/div>\r\n\r\n                 <h5 class=\"pt-blog-title\"><a href=\"https:\/\/aydingenelcerrahi.com\/index.php\/2021\/12\/05\/asimetrik-haber-2016\/\">Asimetrik Haber<\/a><\/h5>\r\n\r\n                 <div class=\"pt-blog-info\">\r\n                    <p>Asimetrik Haber Habere Git<\/p>\n                 <\/div>\r\n\r\n                 <div class=\"pt-btn-container\">\r\n                        <a href=\"https:\/\/aydingenelcerrahi.com\/index.php\/2021\/12\/05\/asimetrik-haber-2016\/\" class=\"pt-button pt-button-flat\" >\r\n                          <div class=\"pt-button-block\">\r\n                            <span class=\"pt-button-text\">Daha Fazla<\/span>\r\n                            <i class=\"ion ion-plus-round\"><\/i>\r\n                          <\/div>\r\n                        <\/a>\r\n                    <\/div>\r\n\r\n\r\n              <\/div>\r\n           <\/div>\r\n          <\/div>\r\n\r\n      <\/div>\r\n<\/div>\t\t<\/div>\n\t\t\t\t<\/div>\n\t\t\t\t\t<\/div>\n\t\t<\/div>\n\t\t\t\t\t\t\t<\/div>\n\t\t<\/div>\n\t\t\t\t\t<\/div>\n\t\t<\/div>\n\t\t\t\t\t\t\t<\/div>\n\t\t<\/div>\n\t\t\t\t\t\t\t<\/div>\n\t\t","protected":false},"excerpt":{"rendered":"<p>15 Nisan 2023 hedefozgun 0 Comments Meme Kanseri, Sa\u011fl\u0131\u011f\u0131, Esteti\u011fi Kitab\u0131 Meme Kanseri, Sa\u011fl\u0131\u011f\u0131, Esteti\u011fi Kitab\u0131 Memeler modern d\u00fcnyada kad\u0131n\u0131 tan\u0131mlayan ve tamamlayan estetik organlard\u0131r. Bu \u00f6zelliklerini ya\u015fam boyu her zaman korurlar. Meme ayn\u0131 zamanda kad\u0131n sa\u011fl\u0131\u011f\u0131n\u0131 ve ya\u015fam\u0131n\u0131 en \u00e7ok tehdit eden organ olarak bilinmektedir. G\u00fcncel bilgi olarak ya\u015fam boyu kad\u0131nlar\u0131n %50\u2019sine en az [&hellip;]<\/p>\n","protected":false},"author":1,"featured_media":0,"parent":0,"menu_order":0,"comment_status":"closed","ping_status":"closed","template":"","meta":{"om_disable_all_campaigns":false,"_mi_skip_tracking":false,"footnotes":""},"class_list":["post-2229","page","type-page","status-publish","hentry"],"acf":[],"aioseo_notices":[],"_links":{"self":[{"href":"https:\/\/aydingenelcerrahi.com\/index.php\/wp-json\/wp\/v2\/pages\/2229","targetHints":{"allow":["GET"]}}],"collection":[{"href":"https:\/\/aydingenelcerrahi.com\/index.php\/wp-json\/wp\/v2\/pages"}],"about":[{"href":"https:\/\/aydingenelcerrahi.com\/index.php\/wp-json\/wp\/v2\/types\/page"}],"author":[{"embeddable":true,"href":"https:\/\/aydingenelcerrahi.com\/index.php\/wp-json\/wp\/v2\/users\/1"}],"replies":[{"embeddable":true,"href":"https:\/\/aydingenelcerrahi.com\/index.php\/wp-json\/wp\/v2\/comments?post=2229"}],"version-history":[{"count":13,"href":"https:\/\/aydingenelcerrahi.com\/index.php\/wp-json\/wp\/v2\/pages\/2229\/revisions"}],"predecessor-version":[{"id":17575,"href":"https:\/\/aydingenelcerrahi.com\/index.php\/wp-json\/wp\/v2\/pages\/2229\/revisions\/17575"}],"wp:attachment":[{"href":"https:\/\/aydingenelcerrahi.com\/index.php\/wp-json\/wp\/v2\/media?parent=2229"}],"curies":[{"name":"wp","href":"https:\/\/api.w.org\/{rel}","templated":true}]}}