{"id":18623,"date":"2021-12-09T06:07:16","date_gmt":"2021-12-09T03:07:16","guid":{"rendered":"https:\/\/aydingenelcerrahi.com\/index.php\/gastric-surgery-diseases\/"},"modified":"2024-01-30T00:23:54","modified_gmt":"2024-01-29T21:23:54","slug":"gastric-surgery-diseases","status":"publish","type":"page","link":"https:\/\/aydingenelcerrahi.com\/en\/index.php\/gastric-surgery-diseases\/","title":{"rendered":"GASTRIC SURGERY DISEASES"},"content":{"rendered":"\t\t<div data-elementor-type=\"wp-page\" data-elementor-id=\"18623\" class=\"elementor elementor-18623 elementor-3474\">\n\t\t\t\t\t\t\t\t\t<div class=\"elementor-section elementor-top-section elementor-element elementor-element-2b505dc elementor-section-stretched elementor-section-boxed elementor-section-height-default elementor-section-height-default\" data-id=\"2b505dc\" data-element_type=\"section\" data-settings=\"{&quot;stretch_section&quot;:&quot;section-stretched&quot;}\">\n\t\t\t\t\t\t<div class=\"elementor-container elementor-column-gap-default\">\n\t\t\t\t\t<div class=\"elementor-column elementor-col-33 elementor-top-column elementor-element elementor-element-aa61b89\" data-id=\"aa61b89\" data-element_type=\"column\">\n\t\t\t<div class=\"elementor-widget-wrap elementor-element-populated\">\n\t\t\t\t\t\t\t\t<div class=\"elementor-element elementor-element-0b6c391 elementor-widget elementor-widget-sidebar\" data-id=\"0b6c391\" data-element_type=\"widget\" data-widget_type=\"sidebar.default\">\n\t\t\t\t<div class=\"elementor-widget-container\">\n\t\t\t<div class=\"widget widget-port\"><div class=\"menu-service-menu-container\"><ul id=\"menu-service-menu\" class=\"menu\"><li id=\"menu-item-3759\" class=\"menu-item menu-item-type-post_type menu-item-object-page menu-item-3759\"><a href=\"https:\/\/aydingenelcerrahi.com\/index.php\/meme-hastaliklari\/\">BREAST DISEASES<\/a><\/li>\n<li id=\"menu-item-3761\" class=\"menu-item menu-item-type-post_type menu-item-object-page menu-item-3761\"><a href=\"https:\/\/aydingenelcerrahi.com\/index.php\/proktolojik-hastaliklar\/\">PROCTOLOGICAL DISEASES<\/a><\/li>\n<li id=\"menu-item-3762\" class=\"menu-item menu-item-type-post_type menu-item-object-page menu-item-3762\"><a href=\"https:\/\/aydingenelcerrahi.com\/index.php\/tiroid-cerrahisi\/\">THYROID SURGERY<\/a><\/li>\n<li id=\"menu-item-3758\" class=\"menu-item menu-item-type-post_type menu-item-object-page menu-item-3758\"><a href=\"https:\/\/aydingenelcerrahi.com\/index.php\/safra-kesesi-hastaliklari\/\">GALLBLADDER DISEASES<\/a><\/li>\n<li id=\"menu-item-3760\" class=\"menu-item menu-item-type-post_type menu-item-object-page menu-item-3760\"><a href=\"https:\/\/aydingenelcerrahi.com\/index.php\/kalin-bagirsak-hastaliklari\/\">COLORECTAL DISEASES<\/a><\/li>\n<li id=\"menu-item-3765\" class=\"menu-item menu-item-type-post_type menu-item-object-page menu-item-3765\"><a href=\"https:\/\/aydingenelcerrahi.com\/index.php\/mide-kanseri-cerrahisi\/\">GASTRIC SURGERY DISEASES<\/a><\/li>\n<\/ul><\/div><\/div>\t\t<\/div>\n\t\t\t\t<\/div>\n\t\t\t\t\t<\/div>\n\t\t<\/div>\n\t\t\t\t<div class=\"elementor-column elementor-col-66 elementor-top-column elementor-element elementor-element-4b96b1d\" data-id=\"4b96b1d\" data-element_type=\"column\">\n\t\t\t<div class=\"elementor-widget-wrap elementor-element-populated\">\n\t\t\t\t\t\t\t\t<div class=\"elementor-element elementor-element-de4ba93 elementor-widget elementor-widget-image\" data-id=\"de4ba93\" data-element_type=\"widget\" data-widget_type=\"image.default\">\n\t\t\t\t<div class=\"elementor-widget-container\">\n\t\t\t<style>\/*! elementor - v3.12.1 - 02-04-2023 *\/\n.elementor-widget-image{text-align:center}.elementor-widget-image a{display:inline-block}.elementor-widget-image a img[src$=\".svg\"]{width:48px}.elementor-widget-image img{vertical-align:middle;display:inline-block}<\/style>\t\t\t\t\t\t\t\t\t\t\t\t<img loading=\"lazy\" decoding=\"async\" width=\"1400\" height=\"800\" src=\"https:\/\/aydingenelcerrahi.com\/wp-content\/uploads\/2021\/12\/3.jpg\" class=\"attachment-full size-full wp-image-7323\" alt=\"\" srcset=\"https:\/\/aydingenelcerrahi.com\/wp-content\/uploads\/2021\/12\/3.jpg 1400w, https:\/\/aydingenelcerrahi.com\/wp-content\/uploads\/2021\/12\/3-300x171.jpg 300w, https:\/\/aydingenelcerrahi.com\/wp-content\/uploads\/2021\/12\/3-1024x585.jpg 1024w, https:\/\/aydingenelcerrahi.com\/wp-content\/uploads\/2021\/12\/3-768x439.jpg 768w\" sizes=\"auto, (max-width: 1400px) 100vw, 1400px\" \/>\t\t\t\t\t\t\t\t\t\t\t\t\t\t\t<\/div>\n\t\t\t\t<\/div>\n\t\t\t\t<div class=\"elementor-element elementor-element-90830a0 elementor-widget elementor-widget-heading\" data-id=\"90830a0\" data-element_type=\"widget\" data-widget_type=\"heading.default\">\n\t\t\t\t<div class=\"elementor-widget-container\">\n\t\t\t<style>\/*! elementor - v3.12.1 - 02-04-2023 *\/\n.elementor-heading-title{padding:0;margin:0;line-height:1}.elementor-widget-heading .elementor-heading-title[class*=elementor-size-]>a{color:inherit;font-size:inherit;line-height:inherit}.elementor-widget-heading .elementor-heading-title.elementor-size-small{font-size:15px}.elementor-widget-heading .elementor-heading-title.elementor-size-medium{font-size:19px}.elementor-widget-heading .elementor-heading-title.elementor-size-large{font-size:29px}.elementor-widget-heading .elementor-heading-title.elementor-size-xl{font-size:39px}.elementor-widget-heading .elementor-heading-title.elementor-size-xxl{font-size:59px}<\/style><h4 class=\"elementor-heading-title elementor-size-default\">Stomach Cancer Surgery<\/h4>\t\t<\/div>\n\t\t\t\t<\/div>\n\t\t\t\t<div class=\"elementor-section elementor-inner-section elementor-element elementor-element-272cf68 elementor-section-boxed elementor-section-height-default elementor-section-height-default\" data-id=\"272cf68\" data-element_type=\"section\">\n\t\t\t\t\t\t<div class=\"elementor-container elementor-column-gap-default\">\n\t\t\t\t\t<div class=\"elementor-column elementor-col-100 elementor-inner-column elementor-element elementor-element-49ddff3\" data-id=\"49ddff3\" data-element_type=\"column\">\n\t\t\t<div class=\"elementor-widget-wrap elementor-element-populated\">\n\t\t\t\t\t\t\t\t<div class=\"elementor-element elementor-element-977dd9f elementor-icon-list--layout-traditional elementor-list-item-link-full_width elementor-widget elementor-widget-icon-list\" data-id=\"977dd9f\" data-element_type=\"widget\" data-widget_type=\"icon-list.default\">\n\t\t\t\t<div class=\"elementor-widget-container\">\n\t\t\t<link rel=\"stylesheet\" href=\"https:\/\/aydingenelcerrahi.com\/wp-content\/plugins\/elementor\/assets\/css\/widget-icon-list.min.css\">\t\t<ul class=\"elementor-icon-list-items\">\n\t\t\t\t\t\t\t<li class=\"elementor-icon-list-item\">\n\t\t\t\t\t\t\t\t\t\t\t<span class=\"elementor-icon-list-icon\">\n\t\t\t\t\t\t\t<i aria-hidden=\"true\" class=\"fas fa-check\"><\/i>\t\t\t\t\t\t<\/span>\n\t\t\t\t\t\t\t\t\t\t<span class=\"elementor-icon-list-text\">Diagnosis<\/span>\n\t\t\t\t\t\t\t\t\t<\/li>\n\t\t\t\t\t\t\t\t<li class=\"elementor-icon-list-item\">\n\t\t\t\t\t\t\t\t\t\t\t<span class=\"elementor-icon-list-icon\">\n\t\t\t\t\t\t\t<i aria-hidden=\"true\" class=\"fas fa-check\"><\/i>\t\t\t\t\t\t<\/span>\n\t\t\t\t\t\t\t\t\t\t<span class=\"elementor-icon-list-text\">Surgical Treatment<\/span>\n\t\t\t\t\t\t\t\t\t<\/li>\n\t\t\t\t\t\t\t\t<li class=\"elementor-icon-list-item\">\n\t\t\t\t\t\t\t\t\t\t\t<span class=\"elementor-icon-list-icon\">\n\t\t\t\t\t\t\t<i aria-hidden=\"true\" class=\"fas fa-check\"><\/i>\t\t\t\t\t\t<\/span>\n\t\t\t\t\t\t\t\t\t\t<span class=\"elementor-icon-list-text\">Oncological Consultancy<\/span>\n\t\t\t\t\t\t\t\t\t<\/li>\n\t\t\t\t\t\t<\/ul>\n\t\t\t\t<\/div>\n\t\t\t\t<\/div>\n\t\t\t\t\t<\/div>\n\t\t<\/div>\n\t\t\t\t\t\t\t<\/div>\n\t\t<\/div>\n\t\t\t\t<div class=\"elementor-element elementor-element-3ef3553 elementor-widget elementor-widget-text-editor\" data-id=\"3ef3553\" data-element_type=\"widget\" data-widget_type=\"text-editor.default\">\n\t\t\t\t<div class=\"elementor-widget-container\">\n\t\t\t<style>\/*! elementor - v3.12.1 - 02-04-2023 *\/\n.elementor-widget-text-editor.elementor-drop-cap-view-stacked .elementor-drop-cap{background-color:#69727d;color:#fff}.elementor-widget-text-editor.elementor-drop-cap-view-framed .elementor-drop-cap{color:#69727d;border:3px solid;background-color:transparent}.elementor-widget-text-editor:not(.elementor-drop-cap-view-default) .elementor-drop-cap{margin-top:8px}.elementor-widget-text-editor:not(.elementor-drop-cap-view-default) .elementor-drop-cap-letter{width:1em;height:1em}.elementor-widget-text-editor .elementor-drop-cap{float:left;text-align:center;line-height:1;font-size:50px}.elementor-widget-text-editor .elementor-drop-cap-letter{display:inline-block}<\/style>\t\t\t\t<p>Unfortunately, this type of cancer develops silently and without any symptoms for a long time in 80% of cases. Its detection at an early stage usually occurs during random checks. Sometimes it can cause complaints similar to problems such as ulcers or gastritis. Symptoms such as fullness without feeling hungry, nausea, vomiting, loss of appetite, weight loss, anemia, abdominal pain, bleeding (hidden or obvious) or difficulty swallowing occur when the tumor reaches a certain size.<\/p>\n\t\t\t\t\t\t<\/div>\n\t\t\t\t<\/div>\n\t\t\t\t<div class=\"elementor-section elementor-inner-section elementor-element elementor-element-3a20ffb elementor-section-boxed elementor-section-height-default elementor-section-height-default\" data-id=\"3a20ffb\" data-element_type=\"section\">\n\t\t\t\t\t\t<div class=\"elementor-container elementor-column-gap-default\">\n\t\t\t\t\t<div class=\"elementor-column elementor-col-100 elementor-inner-column elementor-element elementor-element-fd06e1f\" data-id=\"fd06e1f\" data-element_type=\"column\">\n\t\t\t<div class=\"elementor-widget-wrap elementor-element-populated\">\n\t\t\t\t\t\t\t\t<div class=\"elementor-element elementor-element-0b1a611 elementor-widget elementor-widget-heading\" data-id=\"0b1a611\" data-element_type=\"widget\" data-widget_type=\"heading.default\">\n\t\t\t\t<div class=\"elementor-widget-container\">\n\t\t\t<h4 class=\"elementor-heading-title elementor-size-default\">Frequently Asked Questions<\/h4>\t\t<\/div>\n\t\t\t\t<\/div>\n\t\t\t\t<div class=\"elementor-element elementor-element-7e2e5ea elementor-widget elementor-widget-Accordion\" data-id=\"7e2e5ea\" data-element_type=\"widget\" data-widget_type=\"Accordion.default\">\n\t\t\t\t<div class=\"elementor-widget-container\">\n\t\t\t    \r\n<div class=\"pt-accordion-block \" >\r\n        \r\n    <div class=\"pt-accordion-box pt-active  1\">\r\n      <div class=\"pt-ad-title\">\r\n       \r\n        <h4 class=\"ad-title-text\">         \r\n          Mide kanseri riski kimlerde daha y\u00fcksektir?  \r\n\r\n           \r\n        \r\n       <\/h4>\r\n\r\n      <\/div>\r\n  \r\n      <div class=\"pt-accordion-details\">\r\n        \r\n         <p class=\"pt-detail-text\"> 1. ve 2. dereceden akrabalar\u0131 aras\u0131nda, \u00f6zellikle 50 ya\u015f\u0131ndan \u00f6nce mide kanseri ge\u00e7mi\u015fi olanlar (genetik etkenler), baz\u0131 i\u015f kollar\u0131nda \u00e7al\u0131\u015fanlar (madencilik, tekstil, metal sekt\u00f6r\u00fc, boya, kimya, lastik, petrol sanayi \u00e7al\u0131\u015fanlar\u0131), midesinin bir k\u0131sm\u0131 al\u0131nm\u0131\u015f ki\u015filer, mide polipi, barsak metaplazisi, atrofik gastrit gibi h\u00fccresel de\u011fi\u015fiklikleri bulunanlar ve a\u015f\u0131r\u0131 kilolu bireyler daha fazla risk alt\u0131ndad\u0131r. <\/p>\r\n       \r\n      <\/div>\r\n    <\/div>\r\n         \r\n    <div class=\"pt-accordion-box   2\">\r\n      <div class=\"pt-ad-title\">\r\n       \r\n        <h4 class=\"ad-title-text\">         \r\n          Tan\u0131 nas\u0131l koyulur?  \r\n\r\n           \r\n        \r\n       <\/h4>\r\n\r\n      <\/div>\r\n  \r\n      <div class=\"pt-accordion-details\">\r\n        \r\n         <p class=\"pt-detail-text\"> En etkili tan\u0131 metodu endoskopik muayenedir. Bu y\u00f6ntemle mide i\u00e7 y\u00fczeyi tam olarak g\u00f6r\u00fcnt\u00fclenir ve \u015f\u00fcpheli b\u00f6lgelerden doku \u00f6rnekleri al\u0131nabilir. Di\u011fer tan\u0131 y\u00f6ntemleri aras\u0131nda mide filmi, endoskopik ultrason veya bilgisayarl\u0131 tomografi de bulunur. <\/p>\r\n       \r\n      <\/div>\r\n    <\/div>\r\n         \r\n    <div class=\"pt-accordion-box   3\">\r\n      <div class=\"pt-ad-title\">\r\n       \r\n        <h4 class=\"ad-title-text\">         \r\n          Tedavi nas\u0131l yap\u0131l\u0131r?  \r\n\r\n           \r\n        \r\n       <\/h4>\r\n\r\n      <\/div>\r\n  \r\n      <div class=\"pt-accordion-details\">\r\n        \r\n         <p class=\"pt-detail-text\"> Mide kanserinin temel tedavisi cerrahi m\u00fcdahaledir. Bu i\u015flem s\u0131ras\u0131nda mide k\u0131smen veya tamamen \u00e7\u0131kar\u0131l\u0131r. Midenin ne kadar\u0131n\u0131n al\u0131naca\u011f\u0131, kanserin yerle\u015fimine ba\u011fl\u0131d\u0131r. Operasyon s\u0131ras\u0131nda, mideye yak\u0131n lenf bezleri de \u00e7\u0131kar\u0131l\u0131p patolojik inceleme i\u00e7in g\u00f6nderilir. Midenin tamam\u0131 al\u0131nd\u0131\u011f\u0131nda, yemek borusu ve ince ba\u011f\u0131rsa\u011f\u0131n ba\u015flang\u0131\u00e7 k\u0131sm\u0131 birbirine dikilerek sindirim sisteminin devaml\u0131l\u0131\u011f\u0131 sa\u011flan\u0131r. Bu durum, ki\u015finin yeme al\u0131\u015fkanl\u0131klar\u0131nda ge\u00e7ici de\u011fi\u015fikliklere neden olur, ancak zamanla v\u00fccut uyum sa\u011flar. Cerrahi sonras\u0131 radyoterapi ve kemoterapi gibi ek tedaviler baz\u0131 durumlarda tercih edilir. <\/p>\r\n       \r\n      <\/div>\r\n    <\/div>\r\n         \r\n    <div class=\"pt-accordion-box   4\">\r\n      <div class=\"pt-ad-title\">\r\n       \r\n        <h4 class=\"ad-title-text\">         \r\n          Tedavi sonras\u0131 takip nas\u0131l yap\u0131l\u0131r?  \r\n\r\n           \r\n        \r\n       <\/h4>\r\n\r\n      <\/div>\r\n  \r\n      <div class=\"pt-accordion-details\">\r\n        \r\n         <p class=\"pt-detail-text\"> Hastalar d\u00fczenli aral\u0131klarla kontrol edilir. \u0130lk iki y\u0131l her 3 &#8211; 6 ayda bir, sonras\u0131nda y\u0131ll\u0131k baz\u0131 testler tekrarlan\u0131r. <\/p>\r\n       \r\n      <\/div>\r\n    <\/div>\r\n       \r\n  <\/div>\r\n          \t<script type=\"text\/javascript\">\r\n        \t\t \/*------------------------\r\n                Accordion\r\n                --------------------------*\/\r\n                jQuery('.pt-accordion-block .pt-accordion-box .pt-accordion-details').hide();\r\n                jQuery('.pt-accordion-block .pt-accordion-box:first').addClass('pt-active').children().slideDown('slow');\r\n                jQuery('.pt-accordion-block .pt-accordion-box').on(\"click\", function() {\r\n                    if (jQuery(this).children('div.pt-accordion-details').is(':hidden')) {\r\n                        jQuery('.pt-accordion-block .pt-accordion-box').removeClass('pt-active').children('div.pt-accordion-details').slideUp('slow');\r\n                        jQuery(this).toggleClass('pt-active').children('div.pt-accordion-details').slideDown('slow');\r\n                    }\r\n                });\r\n\r\n\r\n\r\n        \t<\/script>\r\n        \t\t<\/div>\n\t\t\t\t<\/div>\n\t\t\t\t\t<\/div>\n\t\t<\/div>\n\t\t\t\t\t\t\t<\/div>\n\t\t<\/div>\n\t\t\t\t\t<\/div>\n\t\t<\/div>\n\t\t\t\t\t\t\t<\/div>\n\t\t<\/div>\n\t\t\t\t\t\t\t<\/div>\n\t\t","protected":false},"excerpt":{"rendered":"<p>Stomach Cancer Surgery Diagnosis Surgical Treatment Oncological Consultancy Unfortunately, this type of cancer develops silently and without any symptoms for a long time in 80% of cases. Its detection at an early stage usually occurs during random checks. Sometimes it can cause complaints similar to problems such as ulcers or gastritis. Symptoms such as fullness [&hellip;]<\/p>\n","protected":false},"author":1,"featured_media":0,"parent":0,"menu_order":0,"comment_status":"closed","ping_status":"closed","template":"","meta":{"om_disable_all_campaigns":false,"_mi_skip_tracking":false,"footnotes":""},"class_list":["post-18623","page","type-page","status-publish","hentry"],"acf":[],"aioseo_notices":[],"_links":{"self":[{"href":"https:\/\/aydingenelcerrahi.com\/en\/index.php\/wp-json\/wp\/v2\/pages\/18623","targetHints":{"allow":["GET"]}}],"collection":[{"href":"https:\/\/aydingenelcerrahi.com\/en\/index.php\/wp-json\/wp\/v2\/pages"}],"about":[{"href":"https:\/\/aydingenelcerrahi.com\/en\/index.php\/wp-json\/wp\/v2\/types\/page"}],"author":[{"embeddable":true,"href":"https:\/\/aydingenelcerrahi.com\/en\/index.php\/wp-json\/wp\/v2\/users\/1"}],"replies":[{"embeddable":true,"href":"https:\/\/aydingenelcerrahi.com\/en\/index.php\/wp-json\/wp\/v2\/comments?post=18623"}],"version-history":[{"count":1,"href":"https:\/\/aydingenelcerrahi.com\/en\/index.php\/wp-json\/wp\/v2\/pages\/18623\/revisions"}],"predecessor-version":[{"id":18624,"href":"https:\/\/aydingenelcerrahi.com\/en\/index.php\/wp-json\/wp\/v2\/pages\/18623\/revisions\/18624"}],"wp:attachment":[{"href":"https:\/\/aydingenelcerrahi.com\/en\/index.php\/wp-json\/wp\/v2\/media?parent=18623"}],"curies":[{"name":"wp","href":"https:\/\/api.w.org\/{rel}","templated":true}]}}